{"id":11303,"date":"2024-09-06T02:59:44","date_gmt":"2024-09-06T02:59:44","guid":{"rendered":"https:\/\/proycom.com.gt\/es\/?post_type=product&#038;p=11303"},"modified":"2024-10-02T12:43:54","modified_gmt":"2024-10-02T12:43:54","slug":"porterias","status":"publish","type":"product","link":"https:\/\/proycom.com.gt\/es\/producto\/porterias\/","title":{"rendered":"Porter\u00edas Inflables"},"content":{"rendered":"","protected":false},"excerpt":{"rendered":"<h5>Porter\u00edas<\/h5>\n<p>Ideales para impulsar su negocio, su marca,\u00a0 sus productos. Cont\u00e1ctenos para tener m\u00e1s informaci\u00f3n sobre nuestros inflables publicitarios.<\/p>\n","protected":false},"featured_media":11304,"comment_status":"open","ping_status":"closed","template":"","meta":[],"product_cat":[67],"product_tag":[],"class_list":{"0":"post-11303","1":"product","2":"type-product","3":"status-publish","4":"has-post-thumbnail","6":"product_cat-inflables-publicitarios","8":"first","9":"instock","10":"shipping-taxable","11":"product-type-simple"},"jetpack_sharing_enabled":true,"_links":{"self":[{"href":"https:\/\/proycom.com.gt\/es\/wp-json\/wp\/v2\/product\/11303","targetHints":{"allow":["GET"]}}],"collection":[{"href":"https:\/\/proycom.com.gt\/es\/wp-json\/wp\/v2\/product"}],"about":[{"href":"https:\/\/proycom.com.gt\/es\/wp-json\/wp\/v2\/types\/product"}],"replies":[{"embeddable":true,"href":"https:\/\/proycom.com.gt\/es\/wp-json\/wp\/v2\/comments?post=11303"}],"wp:featuredmedia":[{"embeddable":true,"href":"https:\/\/proycom.com.gt\/es\/wp-json\/wp\/v2\/media\/11304"}],"wp:attachment":[{"href":"https:\/\/proycom.com.gt\/es\/wp-json\/wp\/v2\/media?parent=11303"}],"wp:term":[{"taxonomy":"product_cat","embeddable":true,"href":"https:\/\/proycom.com.gt\/es\/wp-json\/wp\/v2\/product_cat?post=11303"},{"taxonomy":"product_tag","embeddable":true,"href":"https:\/\/proycom.com.gt\/es\/wp-json\/wp\/v2\/product_tag?post=11303"}],"curies":[{"name":"wp","href":"https:\/\/api.w.org\/{rel}","templated":true}]}}