{"id":10864,"date":"2024-08-27T04:10:05","date_gmt":"2024-08-27T04:10:05","guid":{"rendered":"https:\/\/proycom.com.gt\/es\/?post_type=product&#038;p=10864"},"modified":"2024-08-27T04:13:10","modified_gmt":"2024-08-27T04:13:10","slug":"dpo-101","status":"publish","type":"product","link":"https:\/\/proycom.com.gt\/es\/producto\/dpo-101\/","title":{"rendered":"DPO 101"},"content":{"rendered":"<table class=\"table-hover table-responsive\" border=\"0\" width=\"100%\" cellpadding=\"1\">\n<tbody>\n<tr>\n<td colspan=\"2\"><strong>INFORMACI\u00d3N BASICA<\/strong><\/td>\n<\/tr>\n<tr>\n<td width=\"30%\">CATEGOR\u00cdA:<\/td>\n<td width=\"70%\">LLAVEROS FUNCIONES<\/td>\n<\/tr>\n<tr>\n<td width=\"30%\">MATERIAL:<\/td>\n<td width=\"70%\">Aluminio<\/td>\n<\/tr>\n<tr>\n<td>TAMA\u00d1O:<\/td>\n<td>1.2 x 6.3 x 1.3 cm (Arillo de 2.5 cm)<\/td>\n<\/tr>\n<tr>\n<td>CAPACIDAD:<\/td>\n<td><\/td>\n<\/tr>\n<tr>\n<td>COLOR DE TINTA:<\/td>\n<td><\/td>\n<\/tr>\n<tr>\n<td colspan=\"2\"><strong>INFORMACI\u00d3N DE IMPRESI\u00d3N<\/strong><\/td>\n<\/tr>\n<tr>\n<td>T\u00c9CNICA:<\/td>\n<td>L\u00e1ser \/ Serigraf\u00eda \/ Tampograf\u00eda<\/td>\n<\/tr>\n<tr>\n<td>AREA:<\/td>\n<td>0.7 x 3 cm<\/td>\n<\/tr>\n<tr>\n<td colspan=\"2\" align=\"left\"><strong>INFORMACI\u00d3N DE EMPAQUE<\/strong><\/td>\n<\/tr>\n<tr>\n<td>MEDIDA:<\/td>\n<td>47 x 36 x 26 cm.<\/td>\n<\/tr>\n<tr>\n<td>PESO:<\/td>\n<td>21.95 kgs.<\/td>\n<\/tr>\n<tr>\n<td>CANTIDAD:<\/td>\n<td>2,500 pza(s).<\/td>\n<\/tr>\n<\/tbody>\n<\/table>\n","protected":false},"excerpt":{"rendered":"<h5>LLAVERO DESTAPADOR YABURU<\/h5>\n<p><strong>Descripci\u00f3n: <\/strong> Pr\u00e1ctico llavero con funci\u00f3n de destapador de botellas. Al ser port\u00e1til y ligero es perfecto para ocasiones como camping, fiestas, viajes, reuniones, cocina etc.<\/p>\n","protected":false},"featured_media":10865,"comment_status":"open","ping_status":"closed","template":"","meta":[],"product_cat":[65],"product_tag":[],"class_list":{"0":"post-10864","1":"product","2":"type-product","3":"status-publish","4":"has-post-thumbnail","6":"product_cat-llaveros","8":"first","9":"instock","10":"shipping-taxable","11":"product-type-simple"},"jetpack_sharing_enabled":true,"_links":{"self":[{"href":"https:\/\/proycom.com.gt\/es\/wp-json\/wp\/v2\/product\/10864","targetHints":{"allow":["GET"]}}],"collection":[{"href":"https:\/\/proycom.com.gt\/es\/wp-json\/wp\/v2\/product"}],"about":[{"href":"https:\/\/proycom.com.gt\/es\/wp-json\/wp\/v2\/types\/product"}],"replies":[{"embeddable":true,"href":"https:\/\/proycom.com.gt\/es\/wp-json\/wp\/v2\/comments?post=10864"}],"wp:featuredmedia":[{"embeddable":true,"href":"https:\/\/proycom.com.gt\/es\/wp-json\/wp\/v2\/media\/10865"}],"wp:attachment":[{"href":"https:\/\/proycom.com.gt\/es\/wp-json\/wp\/v2\/media?parent=10864"}],"wp:term":[{"taxonomy":"product_cat","embeddable":true,"href":"https:\/\/proycom.com.gt\/es\/wp-json\/wp\/v2\/product_cat?post=10864"},{"taxonomy":"product_tag","embeddable":true,"href":"https:\/\/proycom.com.gt\/es\/wp-json\/wp\/v2\/product_tag?post=10864"}],"curies":[{"name":"wp","href":"https:\/\/api.w.org\/{rel}","templated":true}]}}