{"id":10581,"date":"2024-08-26T15:21:16","date_gmt":"2024-08-26T15:21:16","guid":{"rendered":"https:\/\/proycom.com.gt\/es\/?post_type=product&#038;p=10581"},"modified":"2024-08-26T15:23:33","modified_gmt":"2024-08-26T15:23:33","slug":"taz-050-n","status":"publish","type":"product","link":"https:\/\/proycom.com.gt\/es\/producto\/taz-050-n\/","title":{"rendered":"TAZ 050 N"},"content":{"rendered":"<table class=\"table-hover table-responsive\" border=\"0\" width=\"100%\" cellpadding=\"1\">\n<tbody>\n<tr>\n<td colspan=\"2\"><strong>INFORMACI\u00d3N BASICA<\/strong><\/td>\n<\/tr>\n<tr>\n<td width=\"30%\">CATEGOR\u00cdA:<\/td>\n<td width=\"70%\">TAZAS<\/td>\n<\/tr>\n<tr>\n<td width=\"30%\">MATERIAL:<\/td>\n<td width=\"70%\">Acero Inoxidable \/ Pl\u00e1stico<\/td>\n<\/tr>\n<tr>\n<td>TAMA\u00d1O:<\/td>\n<td>8.5 x 11 cm<\/td>\n<\/tr>\n<tr>\n<td>CAPACIDAD:<\/td>\n<td>400 ml<\/td>\n<\/tr>\n<tr>\n<td>COLOR DE TINTA:<\/td>\n<td><\/td>\n<\/tr>\n<tr>\n<td colspan=\"2\"><strong>INFORMACI\u00d3N DE IMPRESI\u00d3N<\/strong><\/td>\n<\/tr>\n<tr>\n<td>T\u00c9CNICA:<\/td>\n<td>L\u00e1ser \/ Serigraf\u00eda<\/td>\n<\/tr>\n<tr>\n<td>AREA:<\/td>\n<td>6 x 5 cm<\/td>\n<\/tr>\n<tr>\n<td colspan=\"2\" align=\"left\"><strong>INFORMACI\u00d3N DE EMPAQUE<\/strong><\/td>\n<\/tr>\n<tr>\n<td>MEDIDA:<\/td>\n<td>59 x 15 x 50 cm.<\/td>\n<\/tr>\n<tr>\n<td>PESO:<\/td>\n<td>8.00 kgs.<\/td>\n<\/tr>\n<tr>\n<td>CANTIDAD:<\/td>\n<td>24 pza(s).<\/td>\n<\/tr>\n<\/tbody>\n<\/table>\n","protected":false},"excerpt":{"rendered":"<h5>TAZA BELIZA<\/h5>\n<p>Doble pared. Cerrado al vac\u00edo. Pared interna y externa de acero inoxidable. Terminado rugoso. Incluye tapa de pl\u00e1stico con v\u00e1lvula de seguridad. Mantiene temperatura caliente 6 hrs y temperatura fr\u00eda 8 hrs aproximadamente. Incluye caja individual.<\/p>\n","protected":false},"featured_media":10582,"comment_status":"open","ping_status":"closed","template":"","meta":[],"product_cat":[55],"product_tag":[],"class_list":{"0":"post-10581","1":"product","2":"type-product","3":"status-publish","4":"has-post-thumbnail","6":"product_cat-tazas","8":"first","9":"instock","10":"shipping-taxable","11":"product-type-simple"},"jetpack_sharing_enabled":true,"_links":{"self":[{"href":"https:\/\/proycom.com.gt\/es\/wp-json\/wp\/v2\/product\/10581","targetHints":{"allow":["GET"]}}],"collection":[{"href":"https:\/\/proycom.com.gt\/es\/wp-json\/wp\/v2\/product"}],"about":[{"href":"https:\/\/proycom.com.gt\/es\/wp-json\/wp\/v2\/types\/product"}],"replies":[{"embeddable":true,"href":"https:\/\/proycom.com.gt\/es\/wp-json\/wp\/v2\/comments?post=10581"}],"wp:featuredmedia":[{"embeddable":true,"href":"https:\/\/proycom.com.gt\/es\/wp-json\/wp\/v2\/media\/10582"}],"wp:attachment":[{"href":"https:\/\/proycom.com.gt\/es\/wp-json\/wp\/v2\/media?parent=10581"}],"wp:term":[{"taxonomy":"product_cat","embeddable":true,"href":"https:\/\/proycom.com.gt\/es\/wp-json\/wp\/v2\/product_cat?post=10581"},{"taxonomy":"product_tag","embeddable":true,"href":"https:\/\/proycom.com.gt\/es\/wp-json\/wp\/v2\/product_tag?post=10581"}],"curies":[{"name":"wp","href":"https:\/\/api.w.org\/{rel}","templated":true}]}}