{"id":10575,"date":"2024-08-26T15:09:37","date_gmt":"2024-08-26T15:09:37","guid":{"rendered":"https:\/\/proycom.com.gt\/es\/?post_type=product&#038;p=10575"},"modified":"2024-08-26T15:12:07","modified_gmt":"2024-08-26T15:12:07","slug":"tmps-64","status":"publish","type":"product","link":"https:\/\/proycom.com.gt\/es\/producto\/tmps-64\/","title":{"rendered":"TMPS 64"},"content":{"rendered":"<table class=\"table-hover table-responsive\" border=\"0\" width=\"100%\" cellpadding=\"1\">\n<tbody>\n<tr>\n<td colspan=\"2\"><strong>INFORMACI\u00d3N BASICA<\/strong><\/td>\n<\/tr>\n<tr>\n<td width=\"30%\">CATEGOR\u00cdA:<\/td>\n<td width=\"70%\">TERMO METALICO<\/td>\n<\/tr>\n<tr>\n<td width=\"30%\">MATERIAL:<\/td>\n<td width=\"70%\">Acero Inoxidable \/ Pl\u00e1stico<\/td>\n<\/tr>\n<tr>\n<td>TAMA\u00d1O:<\/td>\n<td>9 x 17 cm<\/td>\n<\/tr>\n<tr>\n<td>CAPACIDAD:<\/td>\n<td>540 ml<\/td>\n<\/tr>\n<tr>\n<td>COLOR DE TINTA:<\/td>\n<td><\/td>\n<\/tr>\n<tr>\n<td colspan=\"2\"><strong>INFORMACI\u00d3N DE IMPRESI\u00d3N<\/strong><\/td>\n<\/tr>\n<tr>\n<td>T\u00c9CNICA:<\/td>\n<td>L\u00e1ser \/ Serigraf\u00eda \/ Tampograf\u00eda<\/td>\n<\/tr>\n<tr>\n<td>AREA:<\/td>\n<td>6.5 x 11 cm<\/td>\n<\/tr>\n<tr>\n<td colspan=\"2\" align=\"left\"><strong>INFORMACI\u00d3N DE EMPAQUE<\/strong><\/td>\n<\/tr>\n<tr>\n<td>MEDIDA:<\/td>\n<td>59 x 20 x 40 cm.<\/td>\n<\/tr>\n<tr>\n<td>PESO:<\/td>\n<td>6.50 kgs.<\/td>\n<\/tr>\n<tr>\n<td>CANTIDAD:<\/td>\n<td>24 pza(s).<\/td>\n<\/tr>\n<\/tbody>\n<\/table>\n","protected":false},"excerpt":{"rendered":"<h5>TERMO BROADPEAK<\/h5>\n<p>Doble pared. Pared interna pl\u00e1stico, pared externa acero inoxidable. Tapa de pl\u00e1stico con v\u00e1lvula de seguridad. Incluye caja individual.<\/p>\n","protected":false},"featured_media":10576,"comment_status":"open","ping_status":"closed","template":"","meta":[],"product_cat":[54],"product_tag":[],"class_list":{"0":"post-10575","1":"product","2":"type-product","3":"status-publish","4":"has-post-thumbnail","6":"product_cat-vasos","8":"first","9":"instock","10":"shipping-taxable","11":"product-type-simple"},"jetpack_sharing_enabled":true,"_links":{"self":[{"href":"https:\/\/proycom.com.gt\/es\/wp-json\/wp\/v2\/product\/10575","targetHints":{"allow":["GET"]}}],"collection":[{"href":"https:\/\/proycom.com.gt\/es\/wp-json\/wp\/v2\/product"}],"about":[{"href":"https:\/\/proycom.com.gt\/es\/wp-json\/wp\/v2\/types\/product"}],"replies":[{"embeddable":true,"href":"https:\/\/proycom.com.gt\/es\/wp-json\/wp\/v2\/comments?post=10575"}],"wp:featuredmedia":[{"embeddable":true,"href":"https:\/\/proycom.com.gt\/es\/wp-json\/wp\/v2\/media\/10576"}],"wp:attachment":[{"href":"https:\/\/proycom.com.gt\/es\/wp-json\/wp\/v2\/media?parent=10575"}],"wp:term":[{"taxonomy":"product_cat","embeddable":true,"href":"https:\/\/proycom.com.gt\/es\/wp-json\/wp\/v2\/product_cat?post=10575"},{"taxonomy":"product_tag","embeddable":true,"href":"https:\/\/proycom.com.gt\/es\/wp-json\/wp\/v2\/product_tag?post=10575"}],"curies":[{"name":"wp","href":"https:\/\/api.w.org\/{rel}","templated":true}]}}