{"id":10482,"date":"2024-08-26T05:24:04","date_gmt":"2024-08-26T05:24:04","guid":{"rendered":"https:\/\/proycom.com.gt\/es\/?post_type=product&#038;p=10482"},"modified":"2024-08-26T05:26:29","modified_gmt":"2024-08-26T05:26:29","slug":"anf-074","status":"publish","type":"product","link":"https:\/\/proycom.com.gt\/es\/producto\/anf-074\/","title":{"rendered":"ANF 074"},"content":{"rendered":"<table class=\"table-hover table-responsive\" border=\"0\" width=\"100%\" cellpadding=\"1\">\n<tbody>\n<tr>\n<td colspan=\"2\"><strong>INFORMACI\u00d3N BASICA<\/strong><\/td>\n<\/tr>\n<tr>\n<td width=\"30%\">CATEGOR\u00cdA:<\/td>\n<td width=\"70%\">CILINDRO DE PLASTICO<\/td>\n<\/tr>\n<tr>\n<td width=\"30%\">MATERIAL:<\/td>\n<td width=\"70%\">Pl\u00e1stico \/ Metal<\/td>\n<\/tr>\n<tr>\n<td>TAMA\u00d1O:<\/td>\n<td>7 x 24.6 cm<\/td>\n<\/tr>\n<tr>\n<td>CAPACIDAD:<\/td>\n<td>670 ml<\/td>\n<\/tr>\n<tr>\n<td>COLOR DE TINTA:<\/td>\n<td><\/td>\n<\/tr>\n<tr>\n<td colspan=\"2\"><strong>INFORMACI\u00d3N DE IMPRESI\u00d3N<\/strong><\/td>\n<\/tr>\n<tr>\n<td>T\u00c9CNICA:<\/td>\n<td>Serigraf\u00eda<\/td>\n<\/tr>\n<tr>\n<td>AREA:<\/td>\n<td>3.5 x 16 cm<\/td>\n<\/tr>\n<tr>\n<td colspan=\"2\" align=\"left\"><strong>INFORMACI\u00d3N DE EMPAQUE<\/strong><\/td>\n<\/tr>\n<tr>\n<td>MEDIDA:<\/td>\n<td>54.7 x 70.2 x 64.7 cm.<\/td>\n<\/tr>\n<tr>\n<td>PESO:<\/td>\n<td>11.34 kgs.<\/td>\n<\/tr>\n<tr>\n<td>CANTIDAD:<\/td>\n<td>210 pza(s).<\/td>\n<\/tr>\n<\/tbody>\n<\/table>\n","protected":false},"excerpt":{"rendered":"<h5>CILINDRO KAVEH<\/h5>\n<p>Cilindro de pl\u00e1stico con tapa de metal con asa de poli\u00e9ster. No exponer el cilindro a temperaturas mayores a 40 \u00c2\u00b0C y revisar que la tapa no est\u00e9 cerrada completamente para su almacenamiento y transportaci\u00f3n. Mantener en su empaque individual antes y despu\u00e9s de su transformaci\u00f3n. No apto para bebidas calientes. No introducir en microondas ni lavavajillas.<\/p>\n","protected":false},"featured_media":10483,"comment_status":"open","ping_status":"closed","template":"","meta":[],"product_cat":[52],"product_tag":[],"class_list":{"0":"post-10482","1":"product","2":"type-product","3":"status-publish","4":"has-post-thumbnail","6":"product_cat-pachones-plasticos","8":"first","9":"instock","10":"shipping-taxable","11":"product-type-simple"},"jetpack_sharing_enabled":true,"_links":{"self":[{"href":"https:\/\/proycom.com.gt\/es\/wp-json\/wp\/v2\/product\/10482","targetHints":{"allow":["GET"]}}],"collection":[{"href":"https:\/\/proycom.com.gt\/es\/wp-json\/wp\/v2\/product"}],"about":[{"href":"https:\/\/proycom.com.gt\/es\/wp-json\/wp\/v2\/types\/product"}],"replies":[{"embeddable":true,"href":"https:\/\/proycom.com.gt\/es\/wp-json\/wp\/v2\/comments?post=10482"}],"wp:featuredmedia":[{"embeddable":true,"href":"https:\/\/proycom.com.gt\/es\/wp-json\/wp\/v2\/media\/10483"}],"wp:attachment":[{"href":"https:\/\/proycom.com.gt\/es\/wp-json\/wp\/v2\/media?parent=10482"}],"wp:term":[{"taxonomy":"product_cat","embeddable":true,"href":"https:\/\/proycom.com.gt\/es\/wp-json\/wp\/v2\/product_cat?post=10482"},{"taxonomy":"product_tag","embeddable":true,"href":"https:\/\/proycom.com.gt\/es\/wp-json\/wp\/v2\/product_tag?post=10482"}],"curies":[{"name":"wp","href":"https:\/\/api.w.org\/{rel}","templated":true}]}}