{"id":10456,"date":"2024-08-25T22:41:07","date_gmt":"2024-08-25T22:41:07","guid":{"rendered":"https:\/\/proycom.com.gt\/es\/?post_type=product&#038;p=10456"},"modified":"2024-08-25T22:41:08","modified_gmt":"2024-08-25T22:41:08","slug":"dpo-031","status":"publish","type":"product","link":"https:\/\/proycom.com.gt\/es\/producto\/dpo-031\/","title":{"rendered":"DPO 031"},"content":{"rendered":"<table class=\"table-hover table-responsive\" border=\"0\" width=\"100%\" cellpadding=\"1\">\n<tbody>\n<tr>\n<td colspan=\"2\"><strong>INFORMACI\u00d3N BASICA<\/strong><\/td>\n<\/tr>\n<tr>\n<td width=\"30%\">CATEGOR\u00cdA:<\/td>\n<td width=\"70%\">LLAVEROS FUNCIONES<\/td>\n<\/tr>\n<tr>\n<td width=\"30%\">MATERIAL:<\/td>\n<td width=\"70%\">Pl\u00e1stico<\/td>\n<\/tr>\n<tr>\n<td>TAMA\u00d1O:<\/td>\n<td>5.7 x 3.1 cm<\/td>\n<\/tr>\n<tr>\n<td>CAPACIDAD:<\/td>\n<td><\/td>\n<\/tr>\n<tr>\n<td>COLOR DE TINTA:<\/td>\n<td><\/td>\n<\/tr>\n<tr>\n<td colspan=\"2\"><strong>INFORMACI\u00d3N DE IMPRESI\u00d3N<\/strong><\/td>\n<\/tr>\n<tr>\n<td>T\u00c9CNICA:<\/td>\n<td>Serigraf\u00eda<\/td>\n<\/tr>\n<tr>\n<td>AREA:<\/td>\n<td>3.5 x 2.3 cm<\/td>\n<\/tr>\n<tr>\n<td colspan=\"2\" align=\"left\"><strong>INFORMACI\u00d3N DE EMPAQUE<\/strong><\/td>\n<\/tr>\n<tr>\n<td>MEDIDA:<\/td>\n<td>37 x 55 x 27 cm.<\/td>\n<\/tr>\n<tr>\n<td>PESO:<\/td>\n<td>10.00 kgs.<\/td>\n<\/tr>\n<tr>\n<td>CANTIDAD:<\/td>\n<td>500 pza(s).<\/td>\n<\/tr>\n<\/tbody>\n<\/table>\n","protected":false},"excerpt":{"rendered":"<h5>LLAVERO DESTAPADOR CON LUZ AR\u00c1N<\/h5>\n<p>Llavero destapador con l\u00e1mpara de 1 LED. Incluye 3 bater\u00edas de bot\u00f3n.<\/p>\n","protected":false},"featured_media":10457,"comment_status":"open","ping_status":"closed","template":"","meta":[],"product_cat":[65],"product_tag":[],"class_list":{"0":"post-10456","1":"product","2":"type-product","3":"status-publish","4":"has-post-thumbnail","6":"product_cat-llaveros","8":"first","9":"instock","10":"shipping-taxable","11":"product-type-simple"},"jetpack_sharing_enabled":true,"_links":{"self":[{"href":"https:\/\/proycom.com.gt\/es\/wp-json\/wp\/v2\/product\/10456","targetHints":{"allow":["GET"]}}],"collection":[{"href":"https:\/\/proycom.com.gt\/es\/wp-json\/wp\/v2\/product"}],"about":[{"href":"https:\/\/proycom.com.gt\/es\/wp-json\/wp\/v2\/types\/product"}],"replies":[{"embeddable":true,"href":"https:\/\/proycom.com.gt\/es\/wp-json\/wp\/v2\/comments?post=10456"}],"wp:featuredmedia":[{"embeddable":true,"href":"https:\/\/proycom.com.gt\/es\/wp-json\/wp\/v2\/media\/10457"}],"wp:attachment":[{"href":"https:\/\/proycom.com.gt\/es\/wp-json\/wp\/v2\/media?parent=10456"}],"wp:term":[{"taxonomy":"product_cat","embeddable":true,"href":"https:\/\/proycom.com.gt\/es\/wp-json\/wp\/v2\/product_cat?post=10456"},{"taxonomy":"product_tag","embeddable":true,"href":"https:\/\/proycom.com.gt\/es\/wp-json\/wp\/v2\/product_tag?post=10456"}],"curies":[{"name":"wp","href":"https:\/\/api.w.org\/{rel}","templated":true}]}}