{"id":11269,"date":"2024-09-05T17:32:30","date_gmt":"2024-09-05T17:32:30","guid":{"rendered":"https:\/\/proycom.com.gt\/es\/?page_id=11269"},"modified":"2024-10-16T16:29:05","modified_gmt":"2024-10-16T16:29:05","slug":"inflables-publicitarios","status":"publish","type":"page","link":"https:\/\/proycom.com.gt\/es\/inflables-publicitarios\/","title":{"rendered":"Inflables Publicitarios"},"content":{"rendered":"\t\t<div data-elementor-type=\"wp-page\" data-elementor-id=\"11269\" class=\"elementor elementor-11269\">\n\t\t\t\t<div class=\"elementor-element elementor-element-1cefd2d9 e-con-full e-flex parallax_section_no qode_elementor_container_no e-con e-parent\" data-id=\"1cefd2d9\" data-element_type=\"container\">\n\t\t\t\t<\/div>\n\t\t<div class=\"elementor-element elementor-element-e2e0f03 e-flex e-con-boxed parallax_section_no qode_elementor_container_no e-con e-parent\" data-id=\"e2e0f03\" data-element_type=\"container\">\n\t\t\t\t\t<div class=\"e-con-inner\">\n\t\t\t\t<div class=\"elementor-element elementor-element-527237d elementor-widget elementor-widget-bridge_product_list_elegant\" data-id=\"527237d\" data-element_type=\"widget\" data-widget_type=\"bridge_product_list_elegant.default\">\n\t\t\t\t<div class=\"elementor-widget-container\">\n\t\t\t<div class='qode_product_list_holder three_columns'><ul><li><div class=\"product_list_inner\" ><div class=\"product_category\"><a href=\"https:\/\/proycom.com.gt\/es\/categoria-producto\/inflables-publicitarios\/\" rel=\"tag\">Inflables Publicitarios<\/a> <a href=\"https:\/\/proycom.com.gt\/es\/categoria-producto\/produccion-local\/\" rel=\"tag\">Producci\u00f3n Local<\/a><\/div><h4 itemprop=\"name\" class=\"product_title entry-title\">Banderolas Tipo Gota<\/h4><div class=\"product_separator separator small center\" ><\/div><div class=\"product_image\"><img fetchpriority=\"high\" decoding=\"async\" width=\"800\" height=\"600\" src=\"https:\/\/proycom.com.gt\/es\/wp-content\/uploads\/2024\/09\/Banderolas-TipoGota.jpg\" class=\"attachment-post-thumbnail size-post-thumbnail wp-post-image\" alt=\"\" srcset=\"https:\/\/proycom.com.gt\/es\/wp-content\/uploads\/2024\/09\/Banderolas-TipoGota.jpg 800w, https:\/\/proycom.com.gt\/es\/wp-content\/uploads\/2024\/09\/Banderolas-TipoGota-300x225.jpg 300w, https:\/\/proycom.com.gt\/es\/wp-content\/uploads\/2024\/09\/Banderolas-TipoGota-768x576.jpg 768w, https:\/\/proycom.com.gt\/es\/wp-content\/uploads\/2024\/09\/Banderolas-TipoGota-700x525.jpg 700w, https:\/\/proycom.com.gt\/es\/wp-content\/uploads\/2024\/09\/Banderolas-TipoGota-600x450.jpg 600w\" sizes=\"(max-width: 800px) 100vw, 800px\" \/><\/div><div class=\"product_price\" ><\/div><div class=\"product_button\"><a rel=\"nofollow\" href=\"https:\/\/proycom.com.gt\/es\/producto\/banderolas-tipo-gota\/\" data-quantity=\"1\" data-product_id=\"11487\" data-product_sku=\"\" class=\"qbutton  default ajax_add_to_cart  qode-product-out-of-stock simple\">Read more<\/a><\/div><\/div><a itemprop=\"url\" class=\"product_list_link\" href=\"https:\/\/proycom.com.gt\/es\/producto\/banderolas-tipo-gota\/\" target=\"_self\"><\/a><\/li><li><div class=\"product_list_inner\" ><div class=\"product_category\"><a href=\"https:\/\/proycom.com.gt\/es\/categoria-producto\/inflables-publicitarios\/\" rel=\"tag\">Inflables Publicitarios<\/a><\/div><h4 itemprop=\"name\" class=\"product_title entry-title\">Varios Inflables Publicitarios<\/h4><div class=\"product_separator separator small center\" ><\/div><div class=\"product_image\"><img decoding=\"async\" width=\"800\" height=\"600\" src=\"https:\/\/proycom.com.gt\/es\/wp-content\/uploads\/2024\/09\/inflables-publicitarios-varios-01.jpg\" class=\"attachment-post-thumbnail size-post-thumbnail wp-post-image\" alt=\"\" srcset=\"https:\/\/proycom.com.gt\/es\/wp-content\/uploads\/2024\/09\/inflables-publicitarios-varios-01.jpg 800w, https:\/\/proycom.com.gt\/es\/wp-content\/uploads\/2024\/09\/inflables-publicitarios-varios-01-300x225.jpg 300w, https:\/\/proycom.com.gt\/es\/wp-content\/uploads\/2024\/09\/inflables-publicitarios-varios-01-768x576.jpg 768w, https:\/\/proycom.com.gt\/es\/wp-content\/uploads\/2024\/09\/inflables-publicitarios-varios-01-700x525.jpg 700w, https:\/\/proycom.com.gt\/es\/wp-content\/uploads\/2024\/09\/inflables-publicitarios-varios-01-600x450.jpg 600w\" sizes=\"(max-width: 800px) 100vw, 800px\" \/><\/div><div class=\"product_price\" ><\/div><div class=\"product_button\"><a rel=\"nofollow\" href=\"https:\/\/proycom.com.gt\/es\/producto\/varios\/\" data-quantity=\"1\" data-product_id=\"11336\" data-product_sku=\"\" class=\"qbutton  default ajax_add_to_cart  qode-product-out-of-stock simple\">Read more<\/a><\/div><\/div><a itemprop=\"url\" class=\"product_list_link\" href=\"https:\/\/proycom.com.gt\/es\/producto\/varios\/\" target=\"_self\"><\/a><\/li><li><div class=\"product_list_inner\" ><div class=\"product_category\"><a href=\"https:\/\/proycom.com.gt\/es\/categoria-producto\/inflables-publicitarios\/\" rel=\"tag\">Inflables Publicitarios<\/a><\/div><h4 itemprop=\"name\" class=\"product_title entry-title\">Tuneles Inflables<\/h4><div class=\"product_separator separator small center\" ><\/div><div class=\"product_image\"><img decoding=\"async\" width=\"800\" height=\"600\" src=\"https:\/\/proycom.com.gt\/es\/wp-content\/uploads\/2024\/09\/inflables-publicitarios-tuneles-01.jpg\" class=\"attachment-post-thumbnail size-post-thumbnail wp-post-image\" alt=\"\" srcset=\"https:\/\/proycom.com.gt\/es\/wp-content\/uploads\/2024\/09\/inflables-publicitarios-tuneles-01.jpg 800w, https:\/\/proycom.com.gt\/es\/wp-content\/uploads\/2024\/09\/inflables-publicitarios-tuneles-01-300x225.jpg 300w, https:\/\/proycom.com.gt\/es\/wp-content\/uploads\/2024\/09\/inflables-publicitarios-tuneles-01-768x576.jpg 768w, https:\/\/proycom.com.gt\/es\/wp-content\/uploads\/2024\/09\/inflables-publicitarios-tuneles-01-700x525.jpg 700w, https:\/\/proycom.com.gt\/es\/wp-content\/uploads\/2024\/09\/inflables-publicitarios-tuneles-01-600x450.jpg 600w\" sizes=\"(max-width: 800px) 100vw, 800px\" \/><\/div><div class=\"product_price\" ><\/div><div class=\"product_button\"><a rel=\"nofollow\" href=\"https:\/\/proycom.com.gt\/es\/producto\/tuneles\/\" data-quantity=\"1\" data-product_id=\"11330\" data-product_sku=\"\" class=\"qbutton  default ajax_add_to_cart  qode-product-out-of-stock simple\">Read more<\/a><\/div><\/div><a itemprop=\"url\" class=\"product_list_link\" href=\"https:\/\/proycom.com.gt\/es\/producto\/tuneles\/\" target=\"_self\"><\/a><\/li><li><div class=\"product_list_inner\" ><div class=\"product_category\"><a href=\"https:\/\/proycom.com.gt\/es\/categoria-producto\/inflables-publicitarios\/\" rel=\"tag\">Inflables Publicitarios<\/a><\/div><h4 itemprop=\"name\" class=\"product_title entry-title\">Stand  Inflables<\/h4><div class=\"product_separator separator small center\" ><\/div><div class=\"product_image\"><img loading=\"lazy\" decoding=\"async\" width=\"800\" height=\"600\" src=\"https:\/\/proycom.com.gt\/es\/wp-content\/uploads\/2024\/09\/inflables-publicitarios-stand-01.jpg\" class=\"attachment-post-thumbnail size-post-thumbnail wp-post-image\" alt=\"\" srcset=\"https:\/\/proycom.com.gt\/es\/wp-content\/uploads\/2024\/09\/inflables-publicitarios-stand-01.jpg 800w, https:\/\/proycom.com.gt\/es\/wp-content\/uploads\/2024\/09\/inflables-publicitarios-stand-01-300x225.jpg 300w, https:\/\/proycom.com.gt\/es\/wp-content\/uploads\/2024\/09\/inflables-publicitarios-stand-01-768x576.jpg 768w, https:\/\/proycom.com.gt\/es\/wp-content\/uploads\/2024\/09\/inflables-publicitarios-stand-01-700x525.jpg 700w, https:\/\/proycom.com.gt\/es\/wp-content\/uploads\/2024\/09\/inflables-publicitarios-stand-01-600x450.jpg 600w\" sizes=\"(max-width: 800px) 100vw, 800px\" \/><\/div><div class=\"product_price\" ><\/div><div class=\"product_button\"><a rel=\"nofollow\" href=\"https:\/\/proycom.com.gt\/es\/producto\/stand-inflables\/\" data-quantity=\"1\" data-product_id=\"11326\" data-product_sku=\"\" class=\"qbutton  default ajax_add_to_cart  qode-product-out-of-stock simple\">Read more<\/a><\/div><\/div><a itemprop=\"url\" class=\"product_list_link\" href=\"https:\/\/proycom.com.gt\/es\/producto\/stand-inflables\/\" target=\"_self\"><\/a><\/li><li><div class=\"product_list_inner\" ><div class=\"product_category\"><a href=\"https:\/\/proycom.com.gt\/es\/categoria-producto\/inflables-publicitarios\/\" rel=\"tag\">Inflables Publicitarios<\/a><\/div><h4 itemprop=\"name\" class=\"product_title entry-title\">Sky Dancers<\/h4><div class=\"product_separator separator small center\" ><\/div><div class=\"product_image\"><img loading=\"lazy\" decoding=\"async\" width=\"800\" height=\"600\" src=\"https:\/\/proycom.com.gt\/es\/wp-content\/uploads\/2024\/09\/inflables-publicitarios-sky-dancers-01.jpg\" class=\"attachment-post-thumbnail size-post-thumbnail wp-post-image\" alt=\"\" srcset=\"https:\/\/proycom.com.gt\/es\/wp-content\/uploads\/2024\/09\/inflables-publicitarios-sky-dancers-01.jpg 800w, https:\/\/proycom.com.gt\/es\/wp-content\/uploads\/2024\/09\/inflables-publicitarios-sky-dancers-01-300x225.jpg 300w, https:\/\/proycom.com.gt\/es\/wp-content\/uploads\/2024\/09\/inflables-publicitarios-sky-dancers-01-768x576.jpg 768w, https:\/\/proycom.com.gt\/es\/wp-content\/uploads\/2024\/09\/inflables-publicitarios-sky-dancers-01-700x525.jpg 700w, https:\/\/proycom.com.gt\/es\/wp-content\/uploads\/2024\/09\/inflables-publicitarios-sky-dancers-01-600x450.jpg 600w\" sizes=\"(max-width: 800px) 100vw, 800px\" \/><\/div><div class=\"product_price\" ><\/div><div class=\"product_button\"><a rel=\"nofollow\" href=\"https:\/\/proycom.com.gt\/es\/producto\/sky-dancers\/\" data-quantity=\"1\" data-product_id=\"11321\" data-product_sku=\"\" class=\"qbutton  default ajax_add_to_cart  qode-product-out-of-stock simple\">Read more<\/a><\/div><\/div><a itemprop=\"url\" class=\"product_list_link\" href=\"https:\/\/proycom.com.gt\/es\/producto\/sky-dancers\/\" target=\"_self\"><\/a><\/li><li><div class=\"product_list_inner\" ><div class=\"product_category\"><a href=\"https:\/\/proycom.com.gt\/es\/categoria-producto\/inflables-publicitarios\/\" rel=\"tag\">Inflables Publicitarios<\/a><\/div><h4 itemprop=\"name\" class=\"product_title entry-title\">Replicas Inflables<\/h4><div class=\"product_separator separator small center\" ><\/div><div class=\"product_image\"><img loading=\"lazy\" decoding=\"async\" width=\"800\" height=\"600\" src=\"https:\/\/proycom.com.gt\/es\/wp-content\/uploads\/2024\/09\/inflables-publicitarios-replicas-01.jpg\" class=\"attachment-post-thumbnail size-post-thumbnail wp-post-image\" alt=\"\" srcset=\"https:\/\/proycom.com.gt\/es\/wp-content\/uploads\/2024\/09\/inflables-publicitarios-replicas-01.jpg 800w, https:\/\/proycom.com.gt\/es\/wp-content\/uploads\/2024\/09\/inflables-publicitarios-replicas-01-300x225.jpg 300w, https:\/\/proycom.com.gt\/es\/wp-content\/uploads\/2024\/09\/inflables-publicitarios-replicas-01-768x576.jpg 768w, https:\/\/proycom.com.gt\/es\/wp-content\/uploads\/2024\/09\/inflables-publicitarios-replicas-01-700x525.jpg 700w, https:\/\/proycom.com.gt\/es\/wp-content\/uploads\/2024\/09\/inflables-publicitarios-replicas-01-600x450.jpg 600w\" sizes=\"(max-width: 800px) 100vw, 800px\" \/><\/div><div class=\"product_price\" ><\/div><div class=\"product_button\"><a rel=\"nofollow\" href=\"https:\/\/proycom.com.gt\/es\/producto\/replicas-inflables\/\" data-quantity=\"1\" data-product_id=\"11310\" data-product_sku=\"\" class=\"qbutton  default ajax_add_to_cart  qode-product-out-of-stock simple\">Read more<\/a><\/div><\/div><a itemprop=\"url\" class=\"product_list_link\" href=\"https:\/\/proycom.com.gt\/es\/producto\/replicas-inflables\/\" target=\"_self\"><\/a><\/li><li><div class=\"product_list_inner\" ><div class=\"product_category\"><a href=\"https:\/\/proycom.com.gt\/es\/categoria-producto\/inflables-publicitarios\/\" rel=\"tag\">Inflables Publicitarios<\/a><\/div><h4 itemprop=\"name\" class=\"product_title entry-title\">Porter\u00edas Inflables<\/h4><div class=\"product_separator separator small center\" ><\/div><div class=\"product_image\"><img loading=\"lazy\" decoding=\"async\" width=\"800\" height=\"600\" src=\"https:\/\/proycom.com.gt\/es\/wp-content\/uploads\/2024\/09\/inflables-publicitarios-porterias-01.jpg\" class=\"attachment-post-thumbnail size-post-thumbnail wp-post-image\" alt=\"\" srcset=\"https:\/\/proycom.com.gt\/es\/wp-content\/uploads\/2024\/09\/inflables-publicitarios-porterias-01.jpg 800w, https:\/\/proycom.com.gt\/es\/wp-content\/uploads\/2024\/09\/inflables-publicitarios-porterias-01-300x225.jpg 300w, https:\/\/proycom.com.gt\/es\/wp-content\/uploads\/2024\/09\/inflables-publicitarios-porterias-01-768x576.jpg 768w, https:\/\/proycom.com.gt\/es\/wp-content\/uploads\/2024\/09\/inflables-publicitarios-porterias-01-700x525.jpg 700w, https:\/\/proycom.com.gt\/es\/wp-content\/uploads\/2024\/09\/inflables-publicitarios-porterias-01-600x450.jpg 600w\" sizes=\"(max-width: 800px) 100vw, 800px\" \/><\/div><div class=\"product_price\" ><\/div><div class=\"product_button\"><a rel=\"nofollow\" href=\"https:\/\/proycom.com.gt\/es\/producto\/porterias\/\" data-quantity=\"1\" data-product_id=\"11303\" data-product_sku=\"\" class=\"qbutton  default ajax_add_to_cart  qode-product-out-of-stock simple\">Read more<\/a><\/div><\/div><a itemprop=\"url\" class=\"product_list_link\" href=\"https:\/\/proycom.com.gt\/es\/producto\/porterias\/\" target=\"_self\"><\/a><\/li><li><div class=\"product_list_inner\" ><div class=\"product_category\"><a href=\"https:\/\/proycom.com.gt\/es\/categoria-producto\/inflables-publicitarios\/\" rel=\"tag\">Inflables Publicitarios<\/a><\/div><h4 itemprop=\"name\" class=\"product_title entry-title\">Globos Inflables<\/h4><div class=\"product_separator separator small center\" ><\/div><div class=\"product_image\"><img loading=\"lazy\" decoding=\"async\" width=\"800\" height=\"600\" src=\"https:\/\/proycom.com.gt\/es\/wp-content\/uploads\/2024\/09\/inflables-publicitarios-globos-01.jpg\" class=\"attachment-post-thumbnail size-post-thumbnail wp-post-image\" alt=\"\" srcset=\"https:\/\/proycom.com.gt\/es\/wp-content\/uploads\/2024\/09\/inflables-publicitarios-globos-01.jpg 800w, https:\/\/proycom.com.gt\/es\/wp-content\/uploads\/2024\/09\/inflables-publicitarios-globos-01-300x225.jpg 300w, https:\/\/proycom.com.gt\/es\/wp-content\/uploads\/2024\/09\/inflables-publicitarios-globos-01-768x576.jpg 768w, https:\/\/proycom.com.gt\/es\/wp-content\/uploads\/2024\/09\/inflables-publicitarios-globos-01-700x525.jpg 700w, https:\/\/proycom.com.gt\/es\/wp-content\/uploads\/2024\/09\/inflables-publicitarios-globos-01-600x450.jpg 600w\" sizes=\"(max-width: 800px) 100vw, 800px\" \/><\/div><div class=\"product_price\" ><\/div><div class=\"product_button\"><a rel=\"nofollow\" href=\"https:\/\/proycom.com.gt\/es\/producto\/globos\/\" data-quantity=\"1\" data-product_id=\"11299\" data-product_sku=\"\" class=\"qbutton  default ajax_add_to_cart  qode-product-out-of-stock simple\">Read more<\/a><\/div><\/div><a itemprop=\"url\" class=\"product_list_link\" href=\"https:\/\/proycom.com.gt\/es\/producto\/globos\/\" target=\"_self\"><\/a><\/li><li><div class=\"product_list_inner\" ><div class=\"product_category\"><a href=\"https:\/\/proycom.com.gt\/es\/categoria-producto\/inflables-publicitarios\/\" rel=\"tag\">Inflables Publicitarios<\/a><\/div><h4 itemprop=\"name\" class=\"product_title entry-title\">Colchones Inflables<\/h4><div class=\"product_separator separator small center\" ><\/div><div class=\"product_image\"><img loading=\"lazy\" decoding=\"async\" width=\"800\" height=\"600\" src=\"https:\/\/proycom.com.gt\/es\/wp-content\/uploads\/2024\/09\/inflables-publicitarios-colchones-01.jpg\" class=\"attachment-post-thumbnail size-post-thumbnail wp-post-image\" alt=\"\" srcset=\"https:\/\/proycom.com.gt\/es\/wp-content\/uploads\/2024\/09\/inflables-publicitarios-colchones-01.jpg 800w, https:\/\/proycom.com.gt\/es\/wp-content\/uploads\/2024\/09\/inflables-publicitarios-colchones-01-300x225.jpg 300w, https:\/\/proycom.com.gt\/es\/wp-content\/uploads\/2024\/09\/inflables-publicitarios-colchones-01-768x576.jpg 768w, https:\/\/proycom.com.gt\/es\/wp-content\/uploads\/2024\/09\/inflables-publicitarios-colchones-01-700x525.jpg 700w, https:\/\/proycom.com.gt\/es\/wp-content\/uploads\/2024\/09\/inflables-publicitarios-colchones-01-600x450.jpg 600w\" sizes=\"(max-width: 800px) 100vw, 800px\" \/><\/div><div class=\"product_price\" ><\/div><div class=\"product_button\"><a rel=\"nofollow\" href=\"https:\/\/proycom.com.gt\/es\/producto\/colchones\/\" data-quantity=\"1\" data-product_id=\"11289\" data-product_sku=\"\" class=\"qbutton  default ajax_add_to_cart  qode-product-out-of-stock simple\">Read more<\/a><\/div><\/div><a itemprop=\"url\" class=\"product_list_link\" href=\"https:\/\/proycom.com.gt\/es\/producto\/colchones\/\" target=\"_self\"><\/a><\/li><li><div class=\"product_list_inner\" ><div class=\"product_category\"><a href=\"https:\/\/proycom.com.gt\/es\/categoria-producto\/inflables-publicitarios\/\" rel=\"tag\">Inflables Publicitarios<\/a><\/div><h4 itemprop=\"name\" class=\"product_title entry-title\">Carpas Inflables<\/h4><div class=\"product_separator separator small center\" ><\/div><div class=\"product_image\"><img loading=\"lazy\" decoding=\"async\" width=\"800\" height=\"600\" src=\"https:\/\/proycom.com.gt\/es\/wp-content\/uploads\/2024\/09\/inflables-publicitarios-carpas-01.jpg\" class=\"attachment-post-thumbnail size-post-thumbnail wp-post-image\" alt=\"\" srcset=\"https:\/\/proycom.com.gt\/es\/wp-content\/uploads\/2024\/09\/inflables-publicitarios-carpas-01.jpg 800w, https:\/\/proycom.com.gt\/es\/wp-content\/uploads\/2024\/09\/inflables-publicitarios-carpas-01-300x225.jpg 300w, https:\/\/proycom.com.gt\/es\/wp-content\/uploads\/2024\/09\/inflables-publicitarios-carpas-01-768x576.jpg 768w, https:\/\/proycom.com.gt\/es\/wp-content\/uploads\/2024\/09\/inflables-publicitarios-carpas-01-700x525.jpg 700w, https:\/\/proycom.com.gt\/es\/wp-content\/uploads\/2024\/09\/inflables-publicitarios-carpas-01-600x450.jpg 600w\" sizes=\"(max-width: 800px) 100vw, 800px\" \/><\/div><div class=\"product_price\" ><\/div><div class=\"product_button\"><a rel=\"nofollow\" href=\"https:\/\/proycom.com.gt\/es\/producto\/carpas\/\" data-quantity=\"1\" data-product_id=\"11285\" data-product_sku=\"\" class=\"qbutton  default ajax_add_to_cart  qode-product-out-of-stock simple\">Read more<\/a><\/div><\/div><a itemprop=\"url\" class=\"product_list_link\" href=\"https:\/\/proycom.com.gt\/es\/producto\/carpas\/\" target=\"_self\"><\/a><\/li><li><div class=\"product_list_inner\" ><div class=\"product_category\"><a href=\"https:\/\/proycom.com.gt\/es\/categoria-producto\/inflables-publicitarios\/\" rel=\"tag\">Inflables Publicitarios<\/a><\/div><h4 itemprop=\"name\" class=\"product_title entry-title\">Caminantes Inflables<\/h4><div class=\"product_separator separator small center\" ><\/div><div class=\"product_image\"><img loading=\"lazy\" decoding=\"async\" width=\"800\" height=\"600\" src=\"https:\/\/proycom.com.gt\/es\/wp-content\/uploads\/2024\/09\/inflables-publicitarios-caminantes-01.jpg\" class=\"attachment-post-thumbnail size-post-thumbnail wp-post-image\" alt=\"\" srcset=\"https:\/\/proycom.com.gt\/es\/wp-content\/uploads\/2024\/09\/inflables-publicitarios-caminantes-01.jpg 800w, https:\/\/proycom.com.gt\/es\/wp-content\/uploads\/2024\/09\/inflables-publicitarios-caminantes-01-300x225.jpg 300w, https:\/\/proycom.com.gt\/es\/wp-content\/uploads\/2024\/09\/inflables-publicitarios-caminantes-01-768x576.jpg 768w, https:\/\/proycom.com.gt\/es\/wp-content\/uploads\/2024\/09\/inflables-publicitarios-caminantes-01-700x525.jpg 700w, https:\/\/proycom.com.gt\/es\/wp-content\/uploads\/2024\/09\/inflables-publicitarios-caminantes-01-600x450.jpg 600w\" sizes=\"(max-width: 800px) 100vw, 800px\" \/><\/div><div class=\"product_price\" ><\/div><div class=\"product_button\"><a rel=\"nofollow\" href=\"https:\/\/proycom.com.gt\/es\/producto\/caminantes\/\" data-quantity=\"1\" data-product_id=\"11279\" data-product_sku=\"\" class=\"qbutton  default ajax_add_to_cart  qode-product-out-of-stock simple\">Read more<\/a><\/div><\/div><a itemprop=\"url\" class=\"product_list_link\" href=\"https:\/\/proycom.com.gt\/es\/producto\/caminantes\/\" target=\"_self\"><\/a><\/li><li><div class=\"product_list_inner\" ><div class=\"product_category\"><a href=\"https:\/\/proycom.com.gt\/es\/categoria-producto\/inflables-publicitarios\/\" rel=\"tag\">Inflables Publicitarios<\/a><\/div><h4 itemprop=\"name\" class=\"product_title entry-title\">Cabinas y Huracanes Inflables<\/h4><div class=\"product_separator separator small center\" ><\/div><div class=\"product_image\"><img loading=\"lazy\" decoding=\"async\" width=\"800\" height=\"600\" src=\"https:\/\/proycom.com.gt\/es\/wp-content\/uploads\/2024\/09\/inflables-publicitarios-cabinas-01.jpg\" class=\"attachment-post-thumbnail size-post-thumbnail wp-post-image\" alt=\"\" srcset=\"https:\/\/proycom.com.gt\/es\/wp-content\/uploads\/2024\/09\/inflables-publicitarios-cabinas-01.jpg 800w, https:\/\/proycom.com.gt\/es\/wp-content\/uploads\/2024\/09\/inflables-publicitarios-cabinas-01-300x225.jpg 300w, https:\/\/proycom.com.gt\/es\/wp-content\/uploads\/2024\/09\/inflables-publicitarios-cabinas-01-768x576.jpg 768w, https:\/\/proycom.com.gt\/es\/wp-content\/uploads\/2024\/09\/inflables-publicitarios-cabinas-01-700x525.jpg 700w, https:\/\/proycom.com.gt\/es\/wp-content\/uploads\/2024\/09\/inflables-publicitarios-cabinas-01-600x450.jpg 600w\" sizes=\"(max-width: 800px) 100vw, 800px\" \/><\/div><div class=\"product_price\" ><\/div><div class=\"product_button\"><a rel=\"nofollow\" href=\"https:\/\/proycom.com.gt\/es\/producto\/cabinas-y-huracanes\/\" data-quantity=\"1\" data-product_id=\"11275\" data-product_sku=\"\" class=\"qbutton  default ajax_add_to_cart  qode-product-out-of-stock simple\">Read more<\/a><\/div><\/div><a itemprop=\"url\" class=\"product_list_link\" href=\"https:\/\/proycom.com.gt\/es\/producto\/cabinas-y-huracanes\/\" target=\"_self\"><\/a><\/li><li><div class=\"product_list_inner\" ><div class=\"product_category\"><a href=\"https:\/\/proycom.com.gt\/es\/categoria-producto\/inflables-publicitarios\/\" rel=\"tag\">Inflables Publicitarios<\/a><\/div><h4 itemprop=\"name\" class=\"product_title entry-title\">Arcos Inflables<\/h4><div class=\"product_separator separator small center\" ><\/div><div class=\"product_image\"><img loading=\"lazy\" decoding=\"async\" width=\"800\" height=\"600\" src=\"https:\/\/proycom.com.gt\/es\/wp-content\/uploads\/2024\/09\/inflables-publicitarios-arcos-00.jpg\" class=\"attachment-post-thumbnail size-post-thumbnail wp-post-image\" alt=\"\" srcset=\"https:\/\/proycom.com.gt\/es\/wp-content\/uploads\/2024\/09\/inflables-publicitarios-arcos-00.jpg 800w, https:\/\/proycom.com.gt\/es\/wp-content\/uploads\/2024\/09\/inflables-publicitarios-arcos-00-300x225.jpg 300w, https:\/\/proycom.com.gt\/es\/wp-content\/uploads\/2024\/09\/inflables-publicitarios-arcos-00-768x576.jpg 768w, https:\/\/proycom.com.gt\/es\/wp-content\/uploads\/2024\/09\/inflables-publicitarios-arcos-00-700x525.jpg 700w, https:\/\/proycom.com.gt\/es\/wp-content\/uploads\/2024\/09\/inflables-publicitarios-arcos-00-600x450.jpg 600w\" sizes=\"(max-width: 800px) 100vw, 800px\" \/><\/div><div class=\"product_price\" ><\/div><div class=\"product_button\"><a rel=\"nofollow\" href=\"https:\/\/proycom.com.gt\/es\/producto\/arcos\/\" data-quantity=\"1\" data-product_id=\"11263\" data-product_sku=\"\" class=\"qbutton  default ajax_add_to_cart  qode-product-out-of-stock simple\">Read more<\/a><\/div><\/div><a itemprop=\"url\" class=\"product_list_link\" href=\"https:\/\/proycom.com.gt\/es\/producto\/arcos\/\" target=\"_self\"><\/a><\/li><\/ul><\/div>\t\t<\/div>\n\t\t\t\t<\/div>\n\t\t\t\t\t<\/div>\n\t\t\t\t<\/div>\n\t\t\t\t<\/div>\n\t\t","protected":false},"excerpt":{"rendered":"<p>Inflables Publicitarios Producci\u00f3n Local Banderolas Tipo Gota Leer m\u00e1s Inflables Publicitarios Varios Inflables Publicitarios Leer m\u00e1s Inflables Publicitarios Tuneles Inflables Leer m\u00e1s Inflables Publicitarios Stand Inflables Leer m\u00e1s Inflables Publicitarios Sky Dancers Leer m\u00e1s Inflables Publicitarios Replicas Inflables Leer m\u00e1s Inflables Publicitarios Porter\u00edas Inflables Leer&#8230;<\/p>\n","protected":false},"author":1,"featured_media":0,"parent":0,"menu_order":0,"comment_status":"closed","ping_status":"closed","template":"full_width.php","meta":{"footnotes":""},"class_list":["post-11269","page","type-page","status-publish","hentry"],"jetpack_sharing_enabled":true,"_links":{"self":[{"href":"https:\/\/proycom.com.gt\/es\/wp-json\/wp\/v2\/pages\/11269","targetHints":{"allow":["GET"]}}],"collection":[{"href":"https:\/\/proycom.com.gt\/es\/wp-json\/wp\/v2\/pages"}],"about":[{"href":"https:\/\/proycom.com.gt\/es\/wp-json\/wp\/v2\/types\/page"}],"author":[{"embeddable":true,"href":"https:\/\/proycom.com.gt\/es\/wp-json\/wp\/v2\/users\/1"}],"replies":[{"embeddable":true,"href":"https:\/\/proycom.com.gt\/es\/wp-json\/wp\/v2\/comments?post=11269"}],"version-history":[{"count":7,"href":"https:\/\/proycom.com.gt\/es\/wp-json\/wp\/v2\/pages\/11269\/revisions"}],"predecessor-version":[{"id":11558,"href":"https:\/\/proycom.com.gt\/es\/wp-json\/wp\/v2\/pages\/11269\/revisions\/11558"}],"wp:attachment":[{"href":"https:\/\/proycom.com.gt\/es\/wp-json\/wp\/v2\/media?parent=11269"}],"curies":[{"name":"wp","href":"https:\/\/api.w.org\/{rel}","templated":true}]}}