{"id":11147,"date":"2024-09-04T20:30:29","date_gmt":"2024-09-04T20:30:29","guid":{"rendered":"https:\/\/proycom.com.gt\/es\/?page_id=11147"},"modified":"2024-10-16T17:42:20","modified_gmt":"2024-10-16T17:42:20","slug":"sombrillas","status":"publish","type":"page","link":"https:\/\/proycom.com.gt\/es\/sombrillas\/","title":{"rendered":"Sombrillas"},"content":{"rendered":"\t\t<div data-elementor-type=\"wp-page\" data-elementor-id=\"11147\" class=\"elementor elementor-11147\">\n\t\t\t\t<div class=\"elementor-element elementor-element-1cefd2d9 e-con-full e-flex parallax_section_no qode_elementor_container_no e-con e-parent\" data-id=\"1cefd2d9\" data-element_type=\"container\">\n\t\t\t\t<\/div>\n\t\t<div class=\"elementor-element elementor-element-e2e0f03 e-flex e-con-boxed parallax_section_no qode_elementor_container_no e-con e-parent\" data-id=\"e2e0f03\" data-element_type=\"container\">\n\t\t\t\t\t<div class=\"e-con-inner\">\n\t\t\t\t<div class=\"elementor-element elementor-element-527237d elementor-widget elementor-widget-bridge_product_list_elegant\" data-id=\"527237d\" data-element_type=\"widget\" data-widget_type=\"bridge_product_list_elegant.default\">\n\t\t\t\t<div class=\"elementor-widget-container\">\n\t\t\t<div class='qode_product_list_holder three_columns'><ul><li><div class=\"product_list_inner\" ><div class=\"product_category\"><a href=\"https:\/\/proycom.com.gt\/es\/categoria-producto\/sombrillas\/\" rel=\"tag\">Sombrillas<\/a><\/div><h4 itemprop=\"name\" class=\"product_title entry-title\">PAR 012<\/h4><div class=\"product_separator separator small center\" ><\/div><div class=\"product_image\"><img fetchpriority=\"high\" decoding=\"async\" width=\"1200\" height=\"1200\" src=\"https:\/\/proycom.com.gt\/es\/wp-content\/uploads\/2024\/08\/PAR-012-A.jpg\" class=\"attachment-post-thumbnail size-post-thumbnail wp-post-image\" alt=\"\" srcset=\"https:\/\/proycom.com.gt\/es\/wp-content\/uploads\/2024\/08\/PAR-012-A.jpg 1200w, https:\/\/proycom.com.gt\/es\/wp-content\/uploads\/2024\/08\/PAR-012-A-300x300.jpg 300w, https:\/\/proycom.com.gt\/es\/wp-content\/uploads\/2024\/08\/PAR-012-A-1024x1024.jpg 1024w, https:\/\/proycom.com.gt\/es\/wp-content\/uploads\/2024\/08\/PAR-012-A-150x150.jpg 150w, https:\/\/proycom.com.gt\/es\/wp-content\/uploads\/2024\/08\/PAR-012-A-768x768.jpg 768w, https:\/\/proycom.com.gt\/es\/wp-content\/uploads\/2024\/08\/PAR-012-A-570x570.jpg 570w, https:\/\/proycom.com.gt\/es\/wp-content\/uploads\/2024\/08\/PAR-012-A-500x500.jpg 500w, https:\/\/proycom.com.gt\/es\/wp-content\/uploads\/2024\/08\/PAR-012-A-1000x1000.jpg 1000w, https:\/\/proycom.com.gt\/es\/wp-content\/uploads\/2024\/08\/PAR-012-A-700x700.jpg 700w, https:\/\/proycom.com.gt\/es\/wp-content\/uploads\/2024\/08\/PAR-012-A-650x650.jpg 650w, https:\/\/proycom.com.gt\/es\/wp-content\/uploads\/2024\/08\/PAR-012-A-600x600.jpg 600w, https:\/\/proycom.com.gt\/es\/wp-content\/uploads\/2024\/08\/PAR-012-A-100x100.jpg 100w\" sizes=\"(max-width: 1200px) 100vw, 1200px\" \/><\/div><div class=\"product_price\" ><\/div><div class=\"product_button\"><a rel=\"nofollow\" href=\"https:\/\/proycom.com.gt\/es\/producto\/par-012\/\" data-quantity=\"1\" data-product_id=\"10808\" data-product_sku=\"\" class=\"qbutton  default ajax_add_to_cart  qode-product-out-of-stock simple\">Read more<\/a><\/div><\/div><a itemprop=\"url\" class=\"product_list_link\" href=\"https:\/\/proycom.com.gt\/es\/producto\/par-012\/\" target=\"_self\"><\/a><\/li><li><div class=\"product_list_inner\" ><div class=\"product_category\"><a href=\"https:\/\/proycom.com.gt\/es\/categoria-producto\/sombrillas\/\" rel=\"tag\">Sombrillas<\/a><\/div><h4 itemprop=\"name\" class=\"product_title entry-title\">PAR 016<\/h4><div class=\"product_separator separator small center\" ><\/div><div class=\"product_image\"><img decoding=\"async\" width=\"500\" height=\"500\" src=\"https:\/\/proycom.com.gt\/es\/wp-content\/uploads\/2024\/08\/PAR-016-A.jpg\" class=\"attachment-post-thumbnail size-post-thumbnail wp-post-image\" alt=\"\" srcset=\"https:\/\/proycom.com.gt\/es\/wp-content\/uploads\/2024\/08\/PAR-016-A.jpg 500w, https:\/\/proycom.com.gt\/es\/wp-content\/uploads\/2024\/08\/PAR-016-A-300x300.jpg 300w, https:\/\/proycom.com.gt\/es\/wp-content\/uploads\/2024\/08\/PAR-016-A-150x150.jpg 150w, https:\/\/proycom.com.gt\/es\/wp-content\/uploads\/2024\/08\/PAR-016-A-100x100.jpg 100w\" sizes=\"(max-width: 500px) 100vw, 500px\" \/><\/div><div class=\"product_price\" ><\/div><div class=\"product_button\"><a rel=\"nofollow\" href=\"https:\/\/proycom.com.gt\/es\/producto\/par-016\/\" data-quantity=\"1\" data-product_id=\"10800\" data-product_sku=\"\" class=\"qbutton  default ajax_add_to_cart  qode-product-out-of-stock simple\">Read more<\/a><\/div><\/div><a itemprop=\"url\" class=\"product_list_link\" href=\"https:\/\/proycom.com.gt\/es\/producto\/par-016\/\" target=\"_self\"><\/a><\/li><li><div class=\"product_list_inner\" ><div class=\"product_category\"><a href=\"https:\/\/proycom.com.gt\/es\/categoria-producto\/sombrillas\/\" rel=\"tag\">Sombrillas<\/a><\/div><h4 itemprop=\"name\" class=\"product_title entry-title\">PAR 018<\/h4><div class=\"product_separator separator small center\" ><\/div><div class=\"product_image\"><img decoding=\"async\" width=\"500\" height=\"500\" src=\"https:\/\/proycom.com.gt\/es\/wp-content\/uploads\/2024\/08\/PAR-018-A.jpg\" class=\"attachment-post-thumbnail size-post-thumbnail wp-post-image\" alt=\"\" srcset=\"https:\/\/proycom.com.gt\/es\/wp-content\/uploads\/2024\/08\/PAR-018-A.jpg 500w, https:\/\/proycom.com.gt\/es\/wp-content\/uploads\/2024\/08\/PAR-018-A-300x300.jpg 300w, https:\/\/proycom.com.gt\/es\/wp-content\/uploads\/2024\/08\/PAR-018-A-150x150.jpg 150w, https:\/\/proycom.com.gt\/es\/wp-content\/uploads\/2024\/08\/PAR-018-A-100x100.jpg 100w\" sizes=\"(max-width: 500px) 100vw, 500px\" \/><\/div><div class=\"product_price\" ><\/div><div class=\"product_button\"><a rel=\"nofollow\" href=\"https:\/\/proycom.com.gt\/es\/producto\/par-018\/\" data-quantity=\"1\" data-product_id=\"10795\" data-product_sku=\"\" class=\"qbutton  default ajax_add_to_cart  qode-product-out-of-stock simple\">Read more<\/a><\/div><\/div><a itemprop=\"url\" class=\"product_list_link\" href=\"https:\/\/proycom.com.gt\/es\/producto\/par-018\/\" target=\"_self\"><\/a><\/li><li><div class=\"product_list_inner\" ><div class=\"product_category\"><a href=\"https:\/\/proycom.com.gt\/es\/categoria-producto\/sombrillas\/\" rel=\"tag\">Sombrillas<\/a><\/div><h4 itemprop=\"name\" class=\"product_title entry-title\">PAR 01<\/h4><div class=\"product_separator separator small center\" ><\/div><div class=\"product_image\"><img loading=\"lazy\" decoding=\"async\" width=\"500\" height=\"500\" src=\"https:\/\/proycom.com.gt\/es\/wp-content\/uploads\/2024\/08\/PAR-01-N.jpg\" class=\"attachment-post-thumbnail size-post-thumbnail wp-post-image\" alt=\"\" srcset=\"https:\/\/proycom.com.gt\/es\/wp-content\/uploads\/2024\/08\/PAR-01-N.jpg 500w, https:\/\/proycom.com.gt\/es\/wp-content\/uploads\/2024\/08\/PAR-01-N-300x300.jpg 300w, https:\/\/proycom.com.gt\/es\/wp-content\/uploads\/2024\/08\/PAR-01-N-150x150.jpg 150w, https:\/\/proycom.com.gt\/es\/wp-content\/uploads\/2024\/08\/PAR-01-N-100x100.jpg 100w\" sizes=\"(max-width: 500px) 100vw, 500px\" \/><\/div><div class=\"product_price\" ><\/div><div class=\"product_button\"><a rel=\"nofollow\" href=\"https:\/\/proycom.com.gt\/es\/producto\/par-01\/\" data-quantity=\"1\" data-product_id=\"10433\" data-product_sku=\"\" class=\"qbutton  default ajax_add_to_cart  qode-product-out-of-stock simple\">Read more<\/a><\/div><\/div><a itemprop=\"url\" class=\"product_list_link\" href=\"https:\/\/proycom.com.gt\/es\/producto\/par-01\/\" target=\"_self\"><\/a><\/li><\/ul><\/div>\t\t<\/div>\n\t\t\t\t<\/div>\n\t\t\t\t\t<\/div>\n\t\t\t\t<\/div>\n\t\t\t\t<\/div>\n\t\t","protected":false},"excerpt":{"rendered":"<p>Sombrillas PAR 012 Leer m\u00e1s Sombrillas PAR 016 Leer m\u00e1s Sombrillas PAR 018 Leer m\u00e1s Sombrillas PAR 01 Leer m\u00e1s<\/p>\n","protected":false},"author":1,"featured_media":0,"parent":0,"menu_order":0,"comment_status":"closed","ping_status":"closed","template":"full_width.php","meta":{"footnotes":""},"class_list":["post-11147","page","type-page","status-publish","hentry"],"jetpack_sharing_enabled":true,"_links":{"self":[{"href":"https:\/\/proycom.com.gt\/es\/wp-json\/wp\/v2\/pages\/11147","targetHints":{"allow":["GET"]}}],"collection":[{"href":"https:\/\/proycom.com.gt\/es\/wp-json\/wp\/v2\/pages"}],"about":[{"href":"https:\/\/proycom.com.gt\/es\/wp-json\/wp\/v2\/types\/page"}],"author":[{"embeddable":true,"href":"https:\/\/proycom.com.gt\/es\/wp-json\/wp\/v2\/users\/1"}],"replies":[{"embeddable":true,"href":"https:\/\/proycom.com.gt\/es\/wp-json\/wp\/v2\/comments?post=11147"}],"version-history":[{"count":7,"href":"https:\/\/proycom.com.gt\/es\/wp-json\/wp\/v2\/pages\/11147\/revisions"}],"predecessor-version":[{"id":11599,"href":"https:\/\/proycom.com.gt\/es\/wp-json\/wp\/v2\/pages\/11147\/revisions\/11599"}],"wp:attachment":[{"href":"https:\/\/proycom.com.gt\/es\/wp-json\/wp\/v2\/media?parent=11147"}],"curies":[{"name":"wp","href":"https:\/\/api.w.org\/{rel}","templated":true}]}}