{"id":11127,"date":"2024-09-04T20:15:17","date_gmt":"2024-09-04T20:15:17","guid":{"rendered":"https:\/\/proycom.com.gt\/es\/?page_id=11127"},"modified":"2024-10-16T17:38:17","modified_gmt":"2024-10-16T17:38:17","slug":"libretas-y-carpetas","status":"publish","type":"page","link":"https:\/\/proycom.com.gt\/es\/libretas-y-carpetas\/","title":{"rendered":"Libretas y Carpetas"},"content":{"rendered":"\t\t<div data-elementor-type=\"wp-page\" data-elementor-id=\"11127\" class=\"elementor elementor-11127\">\n\t\t\t\t<div class=\"elementor-element elementor-element-1cefd2d9 e-con-full e-flex parallax_section_no qode_elementor_container_no e-con e-parent\" data-id=\"1cefd2d9\" data-element_type=\"container\">\n\t\t\t\t<\/div>\n\t\t<div class=\"elementor-element elementor-element-e2e0f03 e-flex e-con-boxed parallax_section_no qode_elementor_container_no e-con e-parent\" data-id=\"e2e0f03\" data-element_type=\"container\">\n\t\t\t\t\t<div class=\"e-con-inner\">\n\t\t\t\t<div class=\"elementor-element elementor-element-527237d elementor-widget elementor-widget-bridge_product_list_elegant\" data-id=\"527237d\" data-element_type=\"widget\" data-widget_type=\"bridge_product_list_elegant.default\">\n\t\t\t\t<div class=\"elementor-widget-container\">\n\t\t\t<div class='qode_product_list_holder three_columns'><ul><li><div class=\"product_list_inner\" ><div class=\"product_category\"><a href=\"https:\/\/proycom.com.gt\/es\/categoria-producto\/libretas-y-carpetas\/\" rel=\"tag\">Libretas y Carpetas<\/a><\/div><h4 itemprop=\"name\" class=\"product_title entry-title\">M 82724 N<\/h4><div class=\"product_separator separator small center\" ><\/div><div class=\"product_image\"><img fetchpriority=\"high\" decoding=\"async\" width=\"500\" height=\"500\" src=\"https:\/\/proycom.com.gt\/es\/wp-content\/uploads\/2024\/08\/M-82724-N.jpg\" class=\"attachment-post-thumbnail size-post-thumbnail wp-post-image\" alt=\"\" srcset=\"https:\/\/proycom.com.gt\/es\/wp-content\/uploads\/2024\/08\/M-82724-N.jpg 500w, https:\/\/proycom.com.gt\/es\/wp-content\/uploads\/2024\/08\/M-82724-N-300x300.jpg 300w, https:\/\/proycom.com.gt\/es\/wp-content\/uploads\/2024\/08\/M-82724-N-150x150.jpg 150w, https:\/\/proycom.com.gt\/es\/wp-content\/uploads\/2024\/08\/M-82724-N-100x100.jpg 100w\" sizes=\"(max-width: 500px) 100vw, 500px\" \/><\/div><div class=\"product_price\" ><\/div><div class=\"product_button\"><a rel=\"nofollow\" href=\"https:\/\/proycom.com.gt\/es\/producto\/m-82724-n\/\" data-quantity=\"1\" data-product_id=\"10904\" data-product_sku=\"\" class=\"qbutton  default ajax_add_to_cart  qode-product-out-of-stock simple\">Read more<\/a><\/div><\/div><a itemprop=\"url\" class=\"product_list_link\" href=\"https:\/\/proycom.com.gt\/es\/producto\/m-82724-n\/\" target=\"_self\"><\/a><\/li><li><div class=\"product_list_inner\" ><div class=\"product_category\"><a href=\"https:\/\/proycom.com.gt\/es\/categoria-producto\/libretas-y-carpetas\/\" rel=\"tag\">Libretas y Carpetas<\/a><\/div><h4 itemprop=\"name\" class=\"product_title entry-title\">M 80170 N<\/h4><div class=\"product_separator separator small center\" ><\/div><div class=\"product_image\"><img decoding=\"async\" width=\"500\" height=\"500\" src=\"https:\/\/proycom.com.gt\/es\/wp-content\/uploads\/2024\/08\/M-80170-N.jpg\" class=\"attachment-post-thumbnail size-post-thumbnail wp-post-image\" alt=\"\" srcset=\"https:\/\/proycom.com.gt\/es\/wp-content\/uploads\/2024\/08\/M-80170-N.jpg 500w, https:\/\/proycom.com.gt\/es\/wp-content\/uploads\/2024\/08\/M-80170-N-300x300.jpg 300w, https:\/\/proycom.com.gt\/es\/wp-content\/uploads\/2024\/08\/M-80170-N-150x150.jpg 150w, https:\/\/proycom.com.gt\/es\/wp-content\/uploads\/2024\/08\/M-80170-N-100x100.jpg 100w\" sizes=\"(max-width: 500px) 100vw, 500px\" \/><\/div><div class=\"product_price\" ><\/div><div class=\"product_button\"><a rel=\"nofollow\" href=\"https:\/\/proycom.com.gt\/es\/producto\/m-80170-n\/\" data-quantity=\"1\" data-product_id=\"10899\" data-product_sku=\"\" class=\"qbutton  default ajax_add_to_cart  qode-product-out-of-stock simple\">Read more<\/a><\/div><\/div><a itemprop=\"url\" class=\"product_list_link\" href=\"https:\/\/proycom.com.gt\/es\/producto\/m-80170-n\/\" target=\"_self\"><\/a><\/li><li><div class=\"product_list_inner\" ><div class=\"product_category\"><a href=\"https:\/\/proycom.com.gt\/es\/categoria-producto\/libretas-y-carpetas\/\" rel=\"tag\">Libretas y Carpetas<\/a><\/div><h4 itemprop=\"name\" class=\"product_title entry-title\">HL 2022<\/h4><div class=\"product_separator separator small center\" ><\/div><div class=\"product_image\"><img decoding=\"async\" width=\"500\" height=\"500\" src=\"https:\/\/proycom.com.gt\/es\/wp-content\/uploads\/2024\/08\/HL-2022-AR.jpg\" class=\"attachment-post-thumbnail size-post-thumbnail wp-post-image\" alt=\"\" srcset=\"https:\/\/proycom.com.gt\/es\/wp-content\/uploads\/2024\/08\/HL-2022-AR.jpg 500w, https:\/\/proycom.com.gt\/es\/wp-content\/uploads\/2024\/08\/HL-2022-AR-300x300.jpg 300w, https:\/\/proycom.com.gt\/es\/wp-content\/uploads\/2024\/08\/HL-2022-AR-150x150.jpg 150w, https:\/\/proycom.com.gt\/es\/wp-content\/uploads\/2024\/08\/HL-2022-AR-100x100.jpg 100w\" sizes=\"(max-width: 500px) 100vw, 500px\" \/><\/div><div class=\"product_price\" ><\/div><div class=\"product_button\"><a rel=\"nofollow\" href=\"https:\/\/proycom.com.gt\/es\/producto\/hl-2022\/\" data-quantity=\"1\" data-product_id=\"10894\" data-product_sku=\"\" class=\"qbutton  default ajax_add_to_cart  qode-product-out-of-stock simple\">Read more<\/a><\/div><\/div><a itemprop=\"url\" class=\"product_list_link\" href=\"https:\/\/proycom.com.gt\/es\/producto\/hl-2022\/\" target=\"_self\"><\/a><\/li><li><div class=\"product_list_inner\" ><div class=\"product_category\"><a href=\"https:\/\/proycom.com.gt\/es\/categoria-producto\/libretas-y-carpetas\/\" rel=\"tag\">Libretas y Carpetas<\/a><\/div><h4 itemprop=\"name\" class=\"product_title entry-title\">HL 035 N<\/h4><div class=\"product_separator separator small center\" ><\/div><div class=\"product_image\"><img loading=\"lazy\" decoding=\"async\" width=\"500\" height=\"500\" src=\"https:\/\/proycom.com.gt\/es\/wp-content\/uploads\/2024\/08\/HL-035-N.jpg\" class=\"attachment-post-thumbnail size-post-thumbnail wp-post-image\" alt=\"\" srcset=\"https:\/\/proycom.com.gt\/es\/wp-content\/uploads\/2024\/08\/HL-035-N.jpg 500w, https:\/\/proycom.com.gt\/es\/wp-content\/uploads\/2024\/08\/HL-035-N-300x300.jpg 300w, https:\/\/proycom.com.gt\/es\/wp-content\/uploads\/2024\/08\/HL-035-N-150x150.jpg 150w, https:\/\/proycom.com.gt\/es\/wp-content\/uploads\/2024\/08\/HL-035-N-100x100.jpg 100w\" sizes=\"(max-width: 500px) 100vw, 500px\" \/><\/div><div class=\"product_price\" ><\/div><div class=\"product_button\"><a rel=\"nofollow\" href=\"https:\/\/proycom.com.gt\/es\/producto\/hl-035-n\/\" data-quantity=\"1\" data-product_id=\"10889\" data-product_sku=\"\" class=\"qbutton  default ajax_add_to_cart  qode-product-out-of-stock simple\">Read more<\/a><\/div><\/div><a itemprop=\"url\" class=\"product_list_link\" href=\"https:\/\/proycom.com.gt\/es\/producto\/hl-035-n\/\" target=\"_self\"><\/a><\/li><li><div class=\"product_list_inner\" ><div class=\"product_category\"><a href=\"https:\/\/proycom.com.gt\/es\/categoria-producto\/libretas-y-carpetas\/\" rel=\"tag\">Libretas y Carpetas<\/a><\/div><h4 itemprop=\"name\" class=\"product_title entry-title\">HL 1100 C<\/h4><div class=\"product_separator separator small center\" ><\/div><div class=\"product_image\"><img loading=\"lazy\" decoding=\"async\" width=\"500\" height=\"500\" src=\"https:\/\/proycom.com.gt\/es\/wp-content\/uploads\/2024\/08\/HL-1100-C.jpg\" class=\"attachment-post-thumbnail size-post-thumbnail wp-post-image\" alt=\"\" srcset=\"https:\/\/proycom.com.gt\/es\/wp-content\/uploads\/2024\/08\/HL-1100-C.jpg 500w, https:\/\/proycom.com.gt\/es\/wp-content\/uploads\/2024\/08\/HL-1100-C-300x300.jpg 300w, https:\/\/proycom.com.gt\/es\/wp-content\/uploads\/2024\/08\/HL-1100-C-150x150.jpg 150w, https:\/\/proycom.com.gt\/es\/wp-content\/uploads\/2024\/08\/HL-1100-C-100x100.jpg 100w\" sizes=\"(max-width: 500px) 100vw, 500px\" \/><\/div><div class=\"product_price\" ><\/div><div class=\"product_button\"><a rel=\"nofollow\" href=\"https:\/\/proycom.com.gt\/es\/producto\/hl-1100-c\/\" data-quantity=\"1\" data-product_id=\"10884\" data-product_sku=\"\" class=\"qbutton  default ajax_add_to_cart  qode-product-out-of-stock simple\">Read more<\/a><\/div><\/div><a itemprop=\"url\" class=\"product_list_link\" href=\"https:\/\/proycom.com.gt\/es\/producto\/hl-1100-c\/\" target=\"_self\"><\/a><\/li><li><div class=\"product_list_inner\" ><div class=\"product_category\"><a href=\"https:\/\/proycom.com.gt\/es\/categoria-producto\/libretas-y-carpetas\/\" rel=\"tag\">Libretas y Carpetas<\/a><\/div><h4 itemprop=\"name\" class=\"product_title entry-title\">HL 2010<\/h4><div class=\"product_separator separator small center\" ><\/div><div class=\"product_image\"><img loading=\"lazy\" decoding=\"async\" width=\"500\" height=\"500\" src=\"https:\/\/proycom.com.gt\/es\/wp-content\/uploads\/2024\/08\/HL-2010-A.jpg\" class=\"attachment-post-thumbnail size-post-thumbnail wp-post-image\" alt=\"\" srcset=\"https:\/\/proycom.com.gt\/es\/wp-content\/uploads\/2024\/08\/HL-2010-A.jpg 500w, https:\/\/proycom.com.gt\/es\/wp-content\/uploads\/2024\/08\/HL-2010-A-300x300.jpg 300w, https:\/\/proycom.com.gt\/es\/wp-content\/uploads\/2024\/08\/HL-2010-A-150x150.jpg 150w, https:\/\/proycom.com.gt\/es\/wp-content\/uploads\/2024\/08\/HL-2010-A-100x100.jpg 100w\" sizes=\"(max-width: 500px) 100vw, 500px\" \/><\/div><div class=\"product_price\" ><\/div><div class=\"product_button\"><a rel=\"nofollow\" href=\"https:\/\/proycom.com.gt\/es\/producto\/hl-2010\/\" data-quantity=\"1\" data-product_id=\"10878\" data-product_sku=\"\" class=\"qbutton  default ajax_add_to_cart  qode-product-out-of-stock simple\">Read more<\/a><\/div><\/div><a itemprop=\"url\" class=\"product_list_link\" href=\"https:\/\/proycom.com.gt\/es\/producto\/hl-2010\/\" target=\"_self\"><\/a><\/li><li><div class=\"product_list_inner\" ><div class=\"product_category\"><a href=\"https:\/\/proycom.com.gt\/es\/categoria-producto\/libretas-y-carpetas\/\" rel=\"tag\">Libretas y Carpetas<\/a><\/div><h4 itemprop=\"name\" class=\"product_title entry-title\">HL 019 N<\/h4><div class=\"product_separator separator small center\" ><\/div><div class=\"product_image\"><img loading=\"lazy\" decoding=\"async\" width=\"500\" height=\"500\" src=\"https:\/\/proycom.com.gt\/es\/wp-content\/uploads\/2024\/08\/HL-019-N.jpg\" class=\"attachment-post-thumbnail size-post-thumbnail wp-post-image\" alt=\"\" srcset=\"https:\/\/proycom.com.gt\/es\/wp-content\/uploads\/2024\/08\/HL-019-N.jpg 500w, https:\/\/proycom.com.gt\/es\/wp-content\/uploads\/2024\/08\/HL-019-N-300x300.jpg 300w, https:\/\/proycom.com.gt\/es\/wp-content\/uploads\/2024\/08\/HL-019-N-150x150.jpg 150w, https:\/\/proycom.com.gt\/es\/wp-content\/uploads\/2024\/08\/HL-019-N-100x100.jpg 100w\" sizes=\"(max-width: 500px) 100vw, 500px\" \/><\/div><div class=\"product_price\" ><\/div><div class=\"product_button\"><a rel=\"nofollow\" href=\"https:\/\/proycom.com.gt\/es\/producto\/hl-019-n\/\" data-quantity=\"1\" data-product_id=\"10463\" data-product_sku=\"\" class=\"qbutton  default ajax_add_to_cart  qode-product-out-of-stock simple\">Read more<\/a><\/div><\/div><a itemprop=\"url\" class=\"product_list_link\" href=\"https:\/\/proycom.com.gt\/es\/producto\/hl-019-n\/\" target=\"_self\"><\/a><\/li><\/ul><\/div>\t\t<\/div>\n\t\t\t\t<\/div>\n\t\t\t\t\t<\/div>\n\t\t\t\t<\/div>\n\t\t\t\t<\/div>\n\t\t","protected":false},"excerpt":{"rendered":"<p>Libretas y Carpetas M 82724 N Leer m\u00e1s Libretas y Carpetas M 80170 N Leer m\u00e1s Libretas y Carpetas HL 2022 Leer m\u00e1s Libretas y Carpetas HL 035 N Leer m\u00e1s Libretas y Carpetas HL 1100 C Leer m\u00e1s Libretas y Carpetas HL 2010 Leer&#8230;<\/p>\n","protected":false},"author":1,"featured_media":0,"parent":0,"menu_order":0,"comment_status":"closed","ping_status":"closed","template":"full_width.php","meta":{"footnotes":""},"class_list":["post-11127","page","type-page","status-publish","hentry"],"jetpack_sharing_enabled":true,"_links":{"self":[{"href":"https:\/\/proycom.com.gt\/es\/wp-json\/wp\/v2\/pages\/11127","targetHints":{"allow":["GET"]}}],"collection":[{"href":"https:\/\/proycom.com.gt\/es\/wp-json\/wp\/v2\/pages"}],"about":[{"href":"https:\/\/proycom.com.gt\/es\/wp-json\/wp\/v2\/types\/page"}],"author":[{"embeddable":true,"href":"https:\/\/proycom.com.gt\/es\/wp-json\/wp\/v2\/users\/1"}],"replies":[{"embeddable":true,"href":"https:\/\/proycom.com.gt\/es\/wp-json\/wp\/v2\/comments?post=11127"}],"version-history":[{"count":7,"href":"https:\/\/proycom.com.gt\/es\/wp-json\/wp\/v2\/pages\/11127\/revisions"}],"predecessor-version":[{"id":11580,"href":"https:\/\/proycom.com.gt\/es\/wp-json\/wp\/v2\/pages\/11127\/revisions\/11580"}],"wp:attachment":[{"href":"https:\/\/proycom.com.gt\/es\/wp-json\/wp\/v2\/media?parent=11127"}],"curies":[{"name":"wp","href":"https:\/\/api.w.org\/{rel}","templated":true}]}}