{"id":11119,"date":"2024-09-04T19:19:18","date_gmt":"2024-09-04T19:19:18","guid":{"rendered":"https:\/\/proycom.com.gt\/es\/?page_id=11119"},"modified":"2024-10-16T15:55:10","modified_gmt":"2024-10-16T15:55:10","slug":"hieleras-y-loncheras","status":"publish","type":"page","link":"https:\/\/proycom.com.gt\/es\/hieleras-y-loncheras\/","title":{"rendered":"Hieleras y Loncheras"},"content":{"rendered":"\t\t<div data-elementor-type=\"wp-page\" data-elementor-id=\"11119\" class=\"elementor elementor-11119\">\n\t\t\t\t<div class=\"elementor-element elementor-element-1cefd2d9 e-con-full e-flex parallax_section_no qode_elementor_container_no e-con e-parent\" data-id=\"1cefd2d9\" data-element_type=\"container\">\n\t\t\t\t<\/div>\n\t\t<div class=\"elementor-element elementor-element-e2e0f03 e-flex e-con-boxed parallax_section_no qode_elementor_container_no e-con e-parent\" data-id=\"e2e0f03\" data-element_type=\"container\">\n\t\t\t\t\t<div class=\"e-con-inner\">\n\t\t\t\t<div class=\"elementor-element elementor-element-527237d elementor-widget elementor-widget-bridge_product_list_elegant\" data-id=\"527237d\" data-element_type=\"widget\" data-widget_type=\"bridge_product_list_elegant.default\">\n\t\t\t\t<div class=\"elementor-widget-container\">\n\t\t\t<div class='qode_product_list_holder three_columns'><ul><li><div class=\"product_list_inner\" ><div class=\"product_category\"><a href=\"https:\/\/proycom.com.gt\/es\/categoria-producto\/hieleras-y-loncheras\/\" rel=\"tag\">Hieleras y Loncheras<\/a> <a href=\"https:\/\/proycom.com.gt\/es\/categoria-producto\/produccion-local\/\" rel=\"tag\">Producci\u00f3n Local<\/a><\/div><h4 itemprop=\"name\" class=\"product_title entry-title\">Hielera Pl\u00e1stica<\/h4><div class=\"product_separator separator small center\" ><\/div><div class=\"product_image\"><img fetchpriority=\"high\" decoding=\"async\" width=\"600\" height=\"594\" src=\"https:\/\/proycom.com.gt\/es\/wp-content\/uploads\/2026\/02\/hielera-plastica-01.jpg\" class=\"attachment-post-thumbnail size-post-thumbnail wp-post-image\" alt=\"\" srcset=\"https:\/\/proycom.com.gt\/es\/wp-content\/uploads\/2026\/02\/hielera-plastica-01.jpg 600w, https:\/\/proycom.com.gt\/es\/wp-content\/uploads\/2026\/02\/hielera-plastica-01-300x297.jpg 300w, https:\/\/proycom.com.gt\/es\/wp-content\/uploads\/2026\/02\/hielera-plastica-01-150x150.jpg 150w, https:\/\/proycom.com.gt\/es\/wp-content\/uploads\/2026\/02\/hielera-plastica-01-100x100.jpg 100w\" sizes=\"(max-width: 600px) 100vw, 600px\" \/><\/div><div class=\"product_price\" ><\/div><div class=\"product_button\"><a rel=\"nofollow\" href=\"https:\/\/proycom.com.gt\/es\/producto\/hielera-plastica\/\" data-quantity=\"1\" data-product_id=\"11875\" data-product_sku=\"\" class=\"qbutton  default ajax_add_to_cart  qode-product-out-of-stock simple\">Read more<\/a><\/div><\/div><a itemprop=\"url\" class=\"product_list_link\" href=\"https:\/\/proycom.com.gt\/es\/producto\/hielera-plastica\/\" target=\"_self\"><\/a><\/li><li><div class=\"product_list_inner\" ><div class=\"product_category\"><a href=\"https:\/\/proycom.com.gt\/es\/categoria-producto\/hieleras-y-loncheras\/\" rel=\"tag\">Hieleras y Loncheras<\/a><\/div><h4 itemprop=\"name\" class=\"product_title entry-title\">Lonchera Viajera<\/h4><div class=\"product_separator separator small center\" ><\/div><div class=\"product_image\"><img decoding=\"async\" width=\"600\" height=\"750\" src=\"https:\/\/proycom.com.gt\/es\/wp-content\/uploads\/2024\/10\/lonchera-viajera.jpg\" class=\"attachment-post-thumbnail size-post-thumbnail wp-post-image\" alt=\"\" srcset=\"https:\/\/proycom.com.gt\/es\/wp-content\/uploads\/2024\/10\/lonchera-viajera.jpg 600w, https:\/\/proycom.com.gt\/es\/wp-content\/uploads\/2024\/10\/lonchera-viajera-240x300.jpg 240w\" sizes=\"(max-width: 600px) 100vw, 600px\" \/><\/div><div class=\"product_price\" ><\/div><div class=\"product_button\"><a rel=\"nofollow\" href=\"https:\/\/proycom.com.gt\/es\/producto\/lonchera-viajera\/\" data-quantity=\"1\" data-product_id=\"11551\" data-product_sku=\"\" class=\"qbutton  default ajax_add_to_cart  qode-product-out-of-stock simple\">Read more<\/a><\/div><\/div><a itemprop=\"url\" class=\"product_list_link\" href=\"https:\/\/proycom.com.gt\/es\/producto\/lonchera-viajera\/\" target=\"_self\"><\/a><\/li><li><div class=\"product_list_inner\" ><div class=\"product_category\"><a href=\"https:\/\/proycom.com.gt\/es\/categoria-producto\/hieleras-y-loncheras\/\" rel=\"tag\">Hieleras y Loncheras<\/a><\/div><h4 itemprop=\"name\" class=\"product_title entry-title\">Lonchera Forro de Aluminio<\/h4><div class=\"product_separator separator small center\" ><\/div><div class=\"product_image\"><img decoding=\"async\" width=\"600\" height=\"750\" src=\"https:\/\/proycom.com.gt\/es\/wp-content\/uploads\/2024\/10\/lonchera-forro-de-aluminio.jpg\" class=\"attachment-post-thumbnail size-post-thumbnail wp-post-image\" alt=\"\" srcset=\"https:\/\/proycom.com.gt\/es\/wp-content\/uploads\/2024\/10\/lonchera-forro-de-aluminio.jpg 600w, https:\/\/proycom.com.gt\/es\/wp-content\/uploads\/2024\/10\/lonchera-forro-de-aluminio-240x300.jpg 240w\" sizes=\"(max-width: 600px) 100vw, 600px\" \/><\/div><div class=\"product_price\" ><\/div><div class=\"product_button\"><a rel=\"nofollow\" href=\"https:\/\/proycom.com.gt\/es\/producto\/lonchera-forro-de-aluminio\/\" data-quantity=\"1\" data-product_id=\"11549\" data-product_sku=\"\" class=\"qbutton  default ajax_add_to_cart  qode-product-out-of-stock simple\">Read more<\/a><\/div><\/div><a itemprop=\"url\" class=\"product_list_link\" href=\"https:\/\/proycom.com.gt\/es\/producto\/lonchera-forro-de-aluminio\/\" target=\"_self\"><\/a><\/li><li><div class=\"product_list_inner\" ><div class=\"product_category\"><a href=\"https:\/\/proycom.com.gt\/es\/categoria-producto\/hieleras-y-loncheras\/\" rel=\"tag\">Hieleras y Loncheras<\/a><\/div><h4 itemprop=\"name\" class=\"product_title entry-title\">Lonchera Cuadrada<\/h4><div class=\"product_separator separator small center\" ><\/div><div class=\"product_image\"><img loading=\"lazy\" decoding=\"async\" width=\"600\" height=\"750\" src=\"https:\/\/proycom.com.gt\/es\/wp-content\/uploads\/2024\/10\/lonchera-cuadrada.jpg\" class=\"attachment-post-thumbnail size-post-thumbnail wp-post-image\" alt=\"\" srcset=\"https:\/\/proycom.com.gt\/es\/wp-content\/uploads\/2024\/10\/lonchera-cuadrada.jpg 600w, https:\/\/proycom.com.gt\/es\/wp-content\/uploads\/2024\/10\/lonchera-cuadrada-240x300.jpg 240w\" sizes=\"(max-width: 600px) 100vw, 600px\" \/><\/div><div class=\"product_price\" ><\/div><div class=\"product_button\"><a rel=\"nofollow\" href=\"https:\/\/proycom.com.gt\/es\/producto\/lonchera-cuadrada\/\" data-quantity=\"1\" data-product_id=\"11547\" data-product_sku=\"\" class=\"qbutton  default ajax_add_to_cart  qode-product-out-of-stock simple\">Read more<\/a><\/div><\/div><a itemprop=\"url\" class=\"product_list_link\" href=\"https:\/\/proycom.com.gt\/es\/producto\/lonchera-cuadrada\/\" target=\"_self\"><\/a><\/li><li><div class=\"product_list_inner\" ><div class=\"product_category\"><a href=\"https:\/\/proycom.com.gt\/es\/categoria-producto\/hieleras-y-loncheras\/\" rel=\"tag\">Hieleras y Loncheras<\/a><\/div><h4 itemprop=\"name\" class=\"product_title entry-title\">Lonchera<\/h4><div class=\"product_separator separator small center\" ><\/div><div class=\"product_image\"><img loading=\"lazy\" decoding=\"async\" width=\"600\" height=\"750\" src=\"https:\/\/proycom.com.gt\/es\/wp-content\/uploads\/2024\/10\/lonchera-rosa.jpg\" class=\"attachment-post-thumbnail size-post-thumbnail wp-post-image\" alt=\"\" srcset=\"https:\/\/proycom.com.gt\/es\/wp-content\/uploads\/2024\/10\/lonchera-rosa.jpg 600w, https:\/\/proycom.com.gt\/es\/wp-content\/uploads\/2024\/10\/lonchera-rosa-240x300.jpg 240w\" sizes=\"(max-width: 600px) 100vw, 600px\" \/><\/div><div class=\"product_price\" ><\/div><div class=\"product_button\"><a rel=\"nofollow\" href=\"https:\/\/proycom.com.gt\/es\/producto\/lonchera\/\" data-quantity=\"1\" data-product_id=\"11545\" data-product_sku=\"\" class=\"qbutton  default ajax_add_to_cart  qode-product-out-of-stock simple\">Read more<\/a><\/div><\/div><a itemprop=\"url\" class=\"product_list_link\" href=\"https:\/\/proycom.com.gt\/es\/producto\/lonchera\/\" target=\"_self\"><\/a><\/li><li><div class=\"product_list_inner\" ><div class=\"product_category\"><a href=\"https:\/\/proycom.com.gt\/es\/categoria-producto\/hieleras-y-loncheras\/\" rel=\"tag\">Hieleras y Loncheras<\/a><\/div><h4 itemprop=\"name\" class=\"product_title entry-title\">SIN 262 G<\/h4><div class=\"product_separator separator small center\" ><\/div><div class=\"product_image\"><img loading=\"lazy\" decoding=\"async\" width=\"1200\" height=\"1200\" src=\"https:\/\/proycom.com.gt\/es\/wp-content\/uploads\/2024\/08\/SIN-262-G.jpg\" class=\"attachment-post-thumbnail size-post-thumbnail wp-post-image\" alt=\"\" srcset=\"https:\/\/proycom.com.gt\/es\/wp-content\/uploads\/2024\/08\/SIN-262-G.jpg 1200w, https:\/\/proycom.com.gt\/es\/wp-content\/uploads\/2024\/08\/SIN-262-G-300x300.jpg 300w, https:\/\/proycom.com.gt\/es\/wp-content\/uploads\/2024\/08\/SIN-262-G-1024x1024.jpg 1024w, https:\/\/proycom.com.gt\/es\/wp-content\/uploads\/2024\/08\/SIN-262-G-150x150.jpg 150w, https:\/\/proycom.com.gt\/es\/wp-content\/uploads\/2024\/08\/SIN-262-G-768x768.jpg 768w, https:\/\/proycom.com.gt\/es\/wp-content\/uploads\/2024\/08\/SIN-262-G-570x570.jpg 570w, https:\/\/proycom.com.gt\/es\/wp-content\/uploads\/2024\/08\/SIN-262-G-500x500.jpg 500w, https:\/\/proycom.com.gt\/es\/wp-content\/uploads\/2024\/08\/SIN-262-G-1000x1000.jpg 1000w, https:\/\/proycom.com.gt\/es\/wp-content\/uploads\/2024\/08\/SIN-262-G-700x700.jpg 700w, https:\/\/proycom.com.gt\/es\/wp-content\/uploads\/2024\/08\/SIN-262-G-650x650.jpg 650w, https:\/\/proycom.com.gt\/es\/wp-content\/uploads\/2024\/08\/SIN-262-G-600x600.jpg 600w, https:\/\/proycom.com.gt\/es\/wp-content\/uploads\/2024\/08\/SIN-262-G-100x100.jpg 100w\" sizes=\"(max-width: 1200px) 100vw, 1200px\" \/><\/div><div class=\"product_price\" ><\/div><div class=\"product_button\"><a rel=\"nofollow\" href=\"https:\/\/proycom.com.gt\/es\/producto\/sin-262-g\/\" data-quantity=\"1\" data-product_id=\"10766\" data-product_sku=\"\" class=\"qbutton  default ajax_add_to_cart  qode-product-out-of-stock simple\">Read more<\/a><\/div><\/div><a itemprop=\"url\" class=\"product_list_link\" href=\"https:\/\/proycom.com.gt\/es\/producto\/sin-262-g\/\" target=\"_self\"><\/a><\/li><li><div class=\"product_list_inner\" ><div class=\"product_category\"><a href=\"https:\/\/proycom.com.gt\/es\/categoria-producto\/hieleras-y-loncheras\/\" rel=\"tag\">Hieleras y Loncheras<\/a><\/div><h4 itemprop=\"name\" class=\"product_title entry-title\">SIN 245<\/h4><div class=\"product_separator separator small center\" ><\/div><div class=\"product_image\"><img loading=\"lazy\" decoding=\"async\" width=\"500\" height=\"500\" src=\"https:\/\/proycom.com.gt\/es\/wp-content\/uploads\/2024\/08\/SIN-245-A.jpg\" class=\"attachment-post-thumbnail size-post-thumbnail wp-post-image\" alt=\"\" srcset=\"https:\/\/proycom.com.gt\/es\/wp-content\/uploads\/2024\/08\/SIN-245-A.jpg 500w, https:\/\/proycom.com.gt\/es\/wp-content\/uploads\/2024\/08\/SIN-245-A-300x300.jpg 300w, https:\/\/proycom.com.gt\/es\/wp-content\/uploads\/2024\/08\/SIN-245-A-150x150.jpg 150w, https:\/\/proycom.com.gt\/es\/wp-content\/uploads\/2024\/08\/SIN-245-A-100x100.jpg 100w\" sizes=\"(max-width: 500px) 100vw, 500px\" \/><\/div><div class=\"product_price\" ><\/div><div class=\"product_button\"><a rel=\"nofollow\" href=\"https:\/\/proycom.com.gt\/es\/producto\/sin-245\/\" data-quantity=\"1\" data-product_id=\"10760\" data-product_sku=\"\" class=\"qbutton  default ajax_add_to_cart  qode-product-out-of-stock simple\">Read more<\/a><\/div><\/div><a itemprop=\"url\" class=\"product_list_link\" href=\"https:\/\/proycom.com.gt\/es\/producto\/sin-245\/\" target=\"_self\"><\/a><\/li><li><div class=\"product_list_inner\" ><div class=\"product_category\"><a href=\"https:\/\/proycom.com.gt\/es\/categoria-producto\/hieleras-y-loncheras\/\" rel=\"tag\">Hieleras y Loncheras<\/a><\/div><h4 itemprop=\"name\" class=\"product_title entry-title\">SIN 225<\/h4><div class=\"product_separator separator small center\" ><\/div><div class=\"product_image\"><img loading=\"lazy\" decoding=\"async\" width=\"500\" height=\"500\" src=\"https:\/\/proycom.com.gt\/es\/wp-content\/uploads\/2024\/08\/SIN-225-N.jpg\" class=\"attachment-post-thumbnail size-post-thumbnail wp-post-image\" alt=\"\" srcset=\"https:\/\/proycom.com.gt\/es\/wp-content\/uploads\/2024\/08\/SIN-225-N.jpg 500w, https:\/\/proycom.com.gt\/es\/wp-content\/uploads\/2024\/08\/SIN-225-N-300x300.jpg 300w, https:\/\/proycom.com.gt\/es\/wp-content\/uploads\/2024\/08\/SIN-225-N-150x150.jpg 150w, https:\/\/proycom.com.gt\/es\/wp-content\/uploads\/2024\/08\/SIN-225-N-100x100.jpg 100w\" sizes=\"(max-width: 500px) 100vw, 500px\" \/><\/div><div class=\"product_price\" ><\/div><div class=\"product_button\"><a rel=\"nofollow\" href=\"https:\/\/proycom.com.gt\/es\/producto\/sin-225\/\" data-quantity=\"1\" data-product_id=\"10755\" data-product_sku=\"\" class=\"qbutton  default ajax_add_to_cart  qode-product-out-of-stock simple\">Read more<\/a><\/div><\/div><a itemprop=\"url\" class=\"product_list_link\" href=\"https:\/\/proycom.com.gt\/es\/producto\/sin-225\/\" target=\"_self\"><\/a><\/li><li><div class=\"product_list_inner\" ><div class=\"product_category\"><a href=\"https:\/\/proycom.com.gt\/es\/categoria-producto\/hieleras-y-loncheras\/\" rel=\"tag\">Hieleras y Loncheras<\/a><\/div><h4 itemprop=\"name\" class=\"product_title entry-title\">SIN 156<\/h4><div class=\"product_separator separator small center\" ><\/div><div class=\"product_image\"><img loading=\"lazy\" decoding=\"async\" width=\"500\" height=\"500\" src=\"https:\/\/proycom.com.gt\/es\/wp-content\/uploads\/2024\/08\/SIN-156-A.jpg\" class=\"attachment-post-thumbnail size-post-thumbnail wp-post-image\" alt=\"\" srcset=\"https:\/\/proycom.com.gt\/es\/wp-content\/uploads\/2024\/08\/SIN-156-A.jpg 500w, https:\/\/proycom.com.gt\/es\/wp-content\/uploads\/2024\/08\/SIN-156-A-300x300.jpg 300w, https:\/\/proycom.com.gt\/es\/wp-content\/uploads\/2024\/08\/SIN-156-A-150x150.jpg 150w, https:\/\/proycom.com.gt\/es\/wp-content\/uploads\/2024\/08\/SIN-156-A-100x100.jpg 100w\" sizes=\"(max-width: 500px) 100vw, 500px\" \/><\/div><div class=\"product_price\" ><\/div><div class=\"product_button\"><a rel=\"nofollow\" href=\"https:\/\/proycom.com.gt\/es\/producto\/sin-156\/\" data-quantity=\"1\" data-product_id=\"10748\" data-product_sku=\"\" class=\"qbutton  default ajax_add_to_cart  qode-product-out-of-stock simple\">Read more<\/a><\/div><\/div><a itemprop=\"url\" class=\"product_list_link\" href=\"https:\/\/proycom.com.gt\/es\/producto\/sin-156\/\" target=\"_self\"><\/a><\/li><li><div class=\"product_list_inner\" ><div class=\"product_category\"><a href=\"https:\/\/proycom.com.gt\/es\/categoria-producto\/hieleras-y-loncheras\/\" rel=\"tag\">Hieleras y Loncheras<\/a><\/div><h4 itemprop=\"name\" class=\"product_title entry-title\">SIN 124<\/h4><div class=\"product_separator separator small center\" ><\/div><div class=\"product_image\"><img loading=\"lazy\" decoding=\"async\" width=\"500\" height=\"500\" src=\"https:\/\/proycom.com.gt\/es\/wp-content\/uploads\/2024\/08\/SIN-124-A.jpg\" class=\"attachment-post-thumbnail size-post-thumbnail wp-post-image\" alt=\"\" srcset=\"https:\/\/proycom.com.gt\/es\/wp-content\/uploads\/2024\/08\/SIN-124-A.jpg 500w, https:\/\/proycom.com.gt\/es\/wp-content\/uploads\/2024\/08\/SIN-124-A-300x300.jpg 300w, https:\/\/proycom.com.gt\/es\/wp-content\/uploads\/2024\/08\/SIN-124-A-150x150.jpg 150w, https:\/\/proycom.com.gt\/es\/wp-content\/uploads\/2024\/08\/SIN-124-A-100x100.jpg 100w\" sizes=\"(max-width: 500px) 100vw, 500px\" \/><\/div><div class=\"product_price\" ><\/div><div class=\"product_button\"><a rel=\"nofollow\" href=\"https:\/\/proycom.com.gt\/es\/producto\/sin-124\/\" data-quantity=\"1\" data-product_id=\"10743\" data-product_sku=\"\" class=\"qbutton  default ajax_add_to_cart  qode-product-out-of-stock simple\">Read more<\/a><\/div><\/div><a itemprop=\"url\" class=\"product_list_link\" href=\"https:\/\/proycom.com.gt\/es\/producto\/sin-124\/\" target=\"_self\"><\/a><\/li><li><div class=\"product_list_inner\" ><div class=\"product_category\"><a href=\"https:\/\/proycom.com.gt\/es\/categoria-producto\/hieleras-y-loncheras\/\" rel=\"tag\">Hieleras y Loncheras<\/a><\/div><h4 itemprop=\"name\" class=\"product_title entry-title\">SIN 123<\/h4><div class=\"product_separator separator small center\" ><\/div><div class=\"product_image\"><img loading=\"lazy\" decoding=\"async\" width=\"500\" height=\"500\" src=\"https:\/\/proycom.com.gt\/es\/wp-content\/uploads\/2024\/08\/SIN-123-A.jpg\" class=\"attachment-post-thumbnail size-post-thumbnail wp-post-image\" alt=\"\" srcset=\"https:\/\/proycom.com.gt\/es\/wp-content\/uploads\/2024\/08\/SIN-123-A.jpg 500w, https:\/\/proycom.com.gt\/es\/wp-content\/uploads\/2024\/08\/SIN-123-A-300x300.jpg 300w, https:\/\/proycom.com.gt\/es\/wp-content\/uploads\/2024\/08\/SIN-123-A-150x150.jpg 150w, https:\/\/proycom.com.gt\/es\/wp-content\/uploads\/2024\/08\/SIN-123-A-100x100.jpg 100w\" sizes=\"(max-width: 500px) 100vw, 500px\" \/><\/div><div class=\"product_price\" ><\/div><div class=\"product_button\"><a rel=\"nofollow\" href=\"https:\/\/proycom.com.gt\/es\/producto\/sin-123\/\" data-quantity=\"1\" data-product_id=\"10416\" data-product_sku=\"\" class=\"qbutton  default ajax_add_to_cart  qode-product-out-of-stock simple\">Read more<\/a><\/div><\/div><a itemprop=\"url\" class=\"product_list_link\" href=\"https:\/\/proycom.com.gt\/es\/producto\/sin-123\/\" target=\"_self\"><\/a><\/li><\/ul><\/div>\t\t<\/div>\n\t\t\t\t<\/div>\n\t\t\t\t\t<\/div>\n\t\t\t\t<\/div>\n\t\t\t\t<\/div>\n\t\t","protected":false},"excerpt":{"rendered":"<p>Hieleras y Loncheras Lonchera Viajera Leer m\u00e1s Hieleras y Loncheras Lonchera Forro de Aluminio Leer m\u00e1s Hieleras y Loncheras Lonchera Cuadrada Leer m\u00e1s Hieleras y Loncheras Lonchera Leer m\u00e1s Hieleras y Loncheras SIN 262 G Leer m\u00e1s Hieleras y Loncheras SIN 245 Leer m\u00e1s Hieleras&#8230;<\/p>\n","protected":false},"author":1,"featured_media":0,"parent":0,"menu_order":0,"comment_status":"closed","ping_status":"closed","template":"full_width.php","meta":{"footnotes":""},"class_list":["post-11119","page","type-page","status-publish","hentry"],"jetpack_sharing_enabled":true,"_links":{"self":[{"href":"https:\/\/proycom.com.gt\/es\/wp-json\/wp\/v2\/pages\/11119","targetHints":{"allow":["GET"]}}],"collection":[{"href":"https:\/\/proycom.com.gt\/es\/wp-json\/wp\/v2\/pages"}],"about":[{"href":"https:\/\/proycom.com.gt\/es\/wp-json\/wp\/v2\/types\/page"}],"author":[{"embeddable":true,"href":"https:\/\/proycom.com.gt\/es\/wp-json\/wp\/v2\/users\/1"}],"replies":[{"embeddable":true,"href":"https:\/\/proycom.com.gt\/es\/wp-json\/wp\/v2\/comments?post=11119"}],"version-history":[{"count":7,"href":"https:\/\/proycom.com.gt\/es\/wp-json\/wp\/v2\/pages\/11119\/revisions"}],"predecessor-version":[{"id":11555,"href":"https:\/\/proycom.com.gt\/es\/wp-json\/wp\/v2\/pages\/11119\/revisions\/11555"}],"wp:attachment":[{"href":"https:\/\/proycom.com.gt\/es\/wp-json\/wp\/v2\/media?parent=11119"}],"curies":[{"name":"wp","href":"https:\/\/api.w.org\/{rel}","templated":true}]}}